{"id":15755,"date":"2024-03-07T11:07:32","date_gmt":"2024-03-07T11:07:32","guid":{"rendered":"https:\/\/mitjorn.walaxia.cat\/?page_id=15755"},"modified":"2024-05-29T07:57:01","modified_gmt":"2024-05-29T07:57:01","slug":"cookies","status":"publish","type":"page","link":"https:\/\/mitjornmotorent.com\/it\/cookies\/","title":{"rendered":"Cookies"},"content":{"rendered":"\t\t<div data-elementor-type=\"wp-page\" data-elementor-id=\"15755\" class=\"elementor elementor-15755 elementor-10264\" data-elementor-post-type=\"page\">\n\t\t\t\t<div class=\"elementor-element elementor-element-ae2ace5 e-con-full e-flex e-con e-parent\" data-id=\"ae2ace5\" data-element_type=\"container\" data-e-type=\"container\">\n\t\t<div class=\"elementor-element elementor-element-0d06653 e-flex e-con-boxed e-con e-child\" data-id=\"0d06653\" data-element_type=\"container\" data-e-type=\"container\" data-settings=\"{&quot;background_background&quot;:&quot;classic&quot;}\">\n\t\t\t\t\t<div class=\"e-con-inner\">\n\t\t\t\t<div class=\"elementor-element elementor-element-b8a8543 elementor-widget elementor-widget-tripgo_elementor_header_banner\" data-id=\"b8a8543\" data-element_type=\"widget\" data-e-type=\"widget\" data-widget_type=\"tripgo_elementor_header_banner.default\">\n\t\t\t\t<div class=\"elementor-widget-container\">\n\t\t\t\t\t\t\t \t<!-- Display when you choose background per Post -->\n\t\t \t<div class=\"wrap_header_banner  center \"  >\n\n\t\t \t\t\t\t\t \t\n\t\t\t\t \t<div class=\"cover_color\"><\/div>\n\n\t\t\t\t\t<div class=\"header_banner_el \">\n\t\t\t\t\t\t\n\t\t\t\t\t\t\t\t\t\t\t\t\t\n\t\t\t\t\t\t\t\n\t\t\t\t\t\t\t\t\t\t\t\t\t\t<h1 class=\" header_title\">\n\t\t\t\t\t\t\t\t\t\t\t\t\t\t\t<\/h1>\n\t\t\t\t\t\t\t\t\n\t\t\t\t\t\t\n\n\t\t\t\t\t\t\n\t\t\t\t\t<\/div>\n\n\t\t\t\t\n\t\t\t<\/div>\n\t\t\t\t\t\t<\/div>\n\t\t\t\t<\/div>\n\t\t\t\t<div class=\"elementor-element elementor-element-032f9a2 elementor-widget elementor-widget-spacer\" data-id=\"032f9a2\" data-element_type=\"widget\" data-e-type=\"widget\" id=\"motor-busqueda\" data-widget_type=\"spacer.default\">\n\t\t\t\t<div class=\"elementor-widget-container\">\n\t\t\t\t\t\t\t<div class=\"elementor-spacer\">\n\t\t\t<div class=\"elementor-spacer-inner\"><\/div>\n\t\t<\/div>\n\t\t\t\t\t\t<\/div>\n\t\t\t\t<\/div>\n\t\t\t\t\t<\/div>\n\t\t\t\t<\/div>\n\t\t\t\t<\/div>\n\t\t<div class=\"elementor-element elementor-element-24bf918 e-flex e-con-boxed e-con e-parent\" data-id=\"24bf918\" data-element_type=\"container\" data-e-type=\"container\">\n\t\t\t\t\t<div class=\"e-con-inner\">\n\t\t\t\t<div class=\"elementor-element elementor-element-d746041 elementor-widget elementor-widget-shortcode\" data-id=\"d746041\" data-element_type=\"widget\" data-e-type=\"widget\" data-widget_type=\"shortcode.default\">\n\t\t\t\t<div class=\"elementor-widget-container\">\n\t\t\t\t\t\t\t<div class=\"elementor-shortcode\">\n<section class=\"mybooking mybooking-selector widget widget_mybooking_renting_engine_selector reservation-step  \">\n  <form\n    id=\"form-selector\"\n    class=\"mybooking-selector_form\"\n    name=\"widget_search_form\"\n    method=\"get\"\n    enctype=\"application\/x-www-form-urlencoded\">\n\n    \n    \n    \n    \n      <\/form>\n<\/section>\n<\/div>\n\t\t\t\t\t\t<\/div>\n\t\t\t\t<\/div>\n\t\t\t\t\t<\/div>\n\t\t\t\t<\/div>\n\t\t<div class=\"elementor-element elementor-element-4dd5b93 e-flex e-con-boxed e-con e-parent\" data-id=\"4dd5b93\" data-element_type=\"container\" data-e-type=\"container\">\n\t\t\t\t\t<div class=\"e-con-inner\">\n\t\t<div class=\"elementor-element elementor-element-4559bc5 e-con-full e-flex e-con e-child\" data-id=\"4559bc5\" data-element_type=\"container\" data-e-type=\"container\">\n\t\t\t\t<div class=\"elementor-element elementor-element-1232603 texto-rojo espacio-description elementor-widget elementor-widget-tripgo_elementor_heading\" data-id=\"1232603\" data-element_type=\"widget\" data-e-type=\"widget\" data-widget_type=\"tripgo_elementor_heading.default\">\n\t\t\t\t<div class=\"elementor-widget-container\">\n\t\t\t\t\t\t\t<div class=\"ova-title\">\n\n\t\t\t\n\t\t\t\t\t\t\t\n\t\t\t\t\t<h2 class=\"title\">Politica sui cookie<\/h2>\n\t\t\t\t\t\t\t\n\t\t\t\n\t\t<\/div> \n\t\t \t\n\t\t\t\t\t\t<\/div>\n\t\t\t\t<\/div>\n\t\t\t\t<\/div>\n\t\t\t\t\t<\/div>\n\t\t\t\t<\/div>\n\t\t<div class=\"elementor-element elementor-element-4da35de e-flex e-con-boxed e-con e-parent\" data-id=\"4da35de\" data-element_type=\"container\" data-e-type=\"container\">\n\t\t\t\t\t<div class=\"e-con-inner\">\n\t\t\t\t<div class=\"elementor-element elementor-element-4aef9f5 elementor-widget elementor-widget-text-editor\" data-id=\"4aef9f5\" data-element_type=\"widget\" data-e-type=\"widget\" data-widget_type=\"text-editor.default\">\n\t\t\t\t<div class=\"elementor-widget-container\">\n\t\t\t\t\t\t\t\t\t<p>MOTO RENT MITJORN utilizza i cookie per migliorare l&#8217;esperienza utente e facile navigazione per migliorare la qualit\u00e0 del servizio e come proprietario del sito Web che si sta visitando, dettagliate in questa sezione di informativa sui cookie esso mira a fornire una chiara le informazioni nei cookie che vengono utilizzati sulla tua pagina web.<br \/><br \/><span class=\"texto-rojo\">Che cos&#8217;\u00e8 un cookie?<\/span><br \/>Un cookie \u00e8 un file che viene scaricato e memorizzato nel computer o nel dispositivo dell&#8217;utente per accedere ad alcune pagine web e serve per memorizzare e recuperare informazioni sulla navigazione, rendendo pi\u00f9 facile per esso e la fornitura di servizi interattivi senza che in ogni caso il suo uso \u00e8 nocivo o dannoso per il tuo computer o dispositivo.<\/p><p>\u00a0<\/p><p><span class=\"texto-rojo\">Quanli sono i tipi di cookie?<\/span><\/p><p><br \/>&#8211; A seconda del chi \u00e8 l&#8217;ente che gestisce l&#8217;invio dei cookie:<\/p><ul><li>Il proprietario di cookies, sono quelli che vengono inviati all&#8217;apparecchiatura terminale dell&#8217;utente da un computer o un dominio gestito dal proprio editor e da quali fornisce il servizio richiesto dall&#8217;utente.<\/li><li>Cookie di terze parti, sono quelli che vengono inviati all&#8217;apparecchiatura terminale dell&#8217;utente da un computer o dominio non \u00e8 gestito dall&#8217;editore, ma da un&#8217;altra entit\u00e0 che tratta le informazioni ottenute attraverso i cookie.<\/li><\/ul><p>&#8211; Secondo per il lasso di tempo che rimangono attive:<\/p><ul><li>I cookie di sessione, sono progettati per raccogliere e memorizzare dati mentre l&#8217;utente accede a una pagina web.<\/li><li>I cookie permanenti: sono progettati per mantenere i dati memorizzati nel terminale avendo accesso ai loro responsabili per i cookie per un periodo indefinito.<\/li><\/ul><p>&#8211; Per il loro scopo:<\/p><ul><li>Cookies strettamente necessari o funzionali per la fornitura di alcuni servizi richiesti espressamente dall&#8217;utente e servono per una corretta navigazione e per garantire che il contenuto di una pagina web viene caricato in modo efficiente.<\/li><li>Cookie analitici, monitoraggio e raccolta di dati statistici dell&#8217;attivit\u00e0, al fine di garantire il miglior servizio all&#8217;utente.<\/li><li>Cookie, per la gestione degli spazi sulla base di criteri quali la frequenza in cui vengono visualizzati gli annunci pubblicitari di pubblicit\u00e0.<\/li><\/ul><p><span class=\"texto-rojo\">Quando possibile sto dando il mio consenso all&#8217;uso dei cookie?<\/span><br \/><br \/>Quando si come un utente accede al nostro sito Web e di essere avvertiti prima di iniziare la navigazione sull&#8217;uso dei cookie indica il &#8220;accettazione&#8221;. Fornisce il suo consenso anche quando si chiude la finestra di informazioni e continuare la navigazione, o quando si eseguono azioni all&#8217;interno del sito che coinvolgono un tacito consenso.<br \/><br \/><span class=\"texto-rojo\">Gestione dei cookie:<\/span><br \/>L&#8217;utente pu\u00f2 in qualsiasi momento revocare, limitare, bloccare o eliminare il funzionamento dei cookie da questo sito web configurando il browser per l&#8217;aiuto di questa funzionalit\u00e0, visitare i seguenti link:<br \/><br \/>&#8211; Chrome,\u00a0<a class=\"texto-rojo\" href=\"http:\/\/support.google.com\/chrome\/bin\/answer.py?hl=es&amp;answer=95647\" target=\"_blank\" rel=\"noopener\">http:\/\/support.google.com\/chrome\/bin\/answer.py?hl=es&amp;answer=95647<\/a><br \/><br \/>&#8211; Explorer, <a class=\"texto-rojo\" href=\"http:\/\/windows.microsoft.com\/es-es\/windows7\/how-to-manage-cookies-in- internet-explorer-9\" target=\"_blank\" rel=\"noopener\">http:\/\/windows.microsoft.com\/es-es\/windows7\/how-to-manage-cookies-in-<br \/>internet-explorer-9<\/a><br \/><br \/>&#8211; Firefox, <a class=\"texto-rojo\" href=\"http:\/\/support.mozilla.org\/es\/kb\/habilitar-y-deshabilitar-cookies-que-los- sitios-we\" target=\"_blank\" rel=\"noopener\">http:\/\/support.mozilla.org\/es\/kb\/habilitar-y-deshabilitar-cookies-que-los-<br \/>sitios-we<\/a><br \/><br \/>&#8211; Safari, <a class=\"texto-rojo\" href=\"http:\/\/support.apple.com\/kb\/ph5042\" target=\"_blank\" rel=\"noopener\">http:\/\/support.apple.com\/kb\/ph5042<\/a><br \/><br \/>Nel caso in cui si decide di eliminare o disattivare i cookie per favore nota che nella maggior parte dei casi \u00e8 possibile che non pu\u00f2 fare uso di tutte le funzionalit\u00e0 del sito web e di accedere a determinate aree \u00e8 limitato o limitato.<\/p>\t\t\t\t\t\t\t\t<\/div>\n\t\t\t\t<\/div>\n\t\t\t\t\t<\/div>\n\t\t\t\t<\/div>\n\t\t<div class=\"elementor-element elementor-element-a55189d e-flex e-con-boxed e-con e-parent\" data-id=\"a55189d\" data-element_type=\"container\" data-e-type=\"container\">\n\t\t\t\t\t<div class=\"e-con-inner\">\n\t\t\t\t<div class=\"elementor-element elementor-element-4062296 elementor-widget elementor-widget-spacer\" data-id=\"4062296\" data-element_type=\"widget\" data-e-type=\"widget\" data-widget_type=\"spacer.default\">\n\t\t\t\t<div class=\"elementor-widget-container\">\n\t\t\t\t\t\t\t<div class=\"elementor-spacer\">\n\t\t\t<div class=\"elementor-spacer-inner\"><\/div>\n\t\t<\/div>\n\t\t\t\t\t\t<\/div>\n\t\t\t\t<\/div>\n\t\t\t\t\t<\/div>\n\t\t\t\t<\/div>\n\t\t\t\t<\/div>\n\t\t","protected":false},"excerpt":{"rendered":"<p>Politica sui cookie MOTO RENT MITJORN utilizza i cookie per migliorare l&#8217;esperienza utente e facile navigazione per migliorare la qualit\u00e0 del servizio e come proprietario del sito Web che si sta visitando, dettagliate in questa sezione di informativa sui cookie esso mira a fornire una chiara le informazioni nei cookie che vengono utilizzati sulla tua [&hellip;]<\/p>\n","protected":false},"author":1,"featured_media":0,"parent":0,"menu_order":0,"comment_status":"closed","ping_status":"closed","template":"elementor_header_footer","meta":{"_acf_changed":false,"footnotes":""},"class_list":["post-15755","page","type-page","status-publish","hentry"],"acf":[],"yoast_head":"<!-- This site is optimized with the Yoast SEO plugin v27.0 - https:\/\/yoast.com\/product\/yoast-seo-wordpress\/ -->\n<title>Cookies - ALQUILER MOTOS, BICICLETAS Y COCHES FORMENTERA<\/title>\n<meta name=\"robots\" content=\"index, follow, max-snippet:-1, max-image-preview:large, max-video-preview:-1\" \/>\n<link rel=\"canonical\" href=\"https:\/\/mitjornmotorent.com\/it\/cookies\/\" \/>\n<meta property=\"og:locale\" content=\"it_IT\" \/>\n<meta property=\"og:type\" content=\"article\" \/>\n<meta property=\"og:title\" content=\"Cookies - ALQUILER MOTOS, BICICLETAS Y COCHES FORMENTERA\" \/>\n<meta property=\"og:description\" content=\"Politica sui cookie MOTO RENT MITJORN utilizza i cookie per migliorare l&#8217;esperienza utente e facile navigazione per migliorare la qualit\u00e0 del servizio e come proprietario del sito Web che si sta visitando, dettagliate in questa sezione di informativa sui cookie esso mira a fornire una chiara le informazioni nei cookie che vengono utilizzati sulla tua [&hellip;]\" \/>\n<meta property=\"og:url\" content=\"https:\/\/mitjornmotorent.com\/it\/cookies\/\" \/>\n<meta property=\"og:site_name\" content=\"ALQUILER MOTOS, BICICLETAS Y COCHES FORMENTERA\" \/>\n<meta property=\"article:modified_time\" content=\"2024-05-29T07:57:01+00:00\" \/>\n<meta name=\"twitter:card\" content=\"summary_large_image\" \/>\n<meta name=\"twitter:label1\" content=\"Tempo di lettura stimato\" \/>\n\t<meta name=\"twitter:data1\" content=\"3 minuti\" \/>\n<script type=\"application\/ld+json\" class=\"yoast-schema-graph\">{\"@context\":\"https:\/\/schema.org\",\"@graph\":[{\"@type\":\"WebPage\",\"@id\":\"https:\/\/mitjornmotorent.com\/it\/cookies\/\",\"url\":\"https:\/\/mitjornmotorent.com\/it\/cookies\/\",\"name\":\"Cookies - ALQUILER MOTOS, BICICLETAS Y COCHES FORMENTERA\",\"isPartOf\":{\"@id\":\"https:\/\/mitjornmotorent.com\/it\/#website\"},\"datePublished\":\"2024-03-07T11:07:32+00:00\",\"dateModified\":\"2024-05-29T07:57:01+00:00\",\"breadcrumb\":{\"@id\":\"https:\/\/mitjornmotorent.com\/it\/cookies\/#breadcrumb\"},\"inLanguage\":\"it-IT\",\"potentialAction\":[{\"@type\":\"ReadAction\",\"target\":[\"https:\/\/mitjornmotorent.com\/it\/cookies\/\"]}]},{\"@type\":\"BreadcrumbList\",\"@id\":\"https:\/\/mitjornmotorent.com\/it\/cookies\/#breadcrumb\",\"itemListElement\":[{\"@type\":\"ListItem\",\"position\":1,\"name\":\"Portada\",\"item\":\"https:\/\/mitjornmotorent.com\/it\/\"},{\"@type\":\"ListItem\",\"position\":2,\"name\":\"Cookies\"}]},{\"@type\":\"WebSite\",\"@id\":\"https:\/\/mitjornmotorent.com\/it\/#website\",\"url\":\"https:\/\/mitjornmotorent.com\/it\/\",\"name\":\"ALQUILER MOTOS, BICICLETAS Y COCHES FORMENTERA\",\"description\":\"N\u00ba1 MITJORN MotoRent\",\"potentialAction\":[{\"@type\":\"SearchAction\",\"target\":{\"@type\":\"EntryPoint\",\"urlTemplate\":\"https:\/\/mitjornmotorent.com\/it\/?s={search_term_string}\"},\"query-input\":{\"@type\":\"PropertyValueSpecification\",\"valueRequired\":true,\"valueName\":\"search_term_string\"}}],\"inLanguage\":\"it-IT\"}]}<\/script>\n<!-- \/ Yoast SEO plugin. -->","yoast_head_json":{"title":"Cookies - ALQUILER MOTOS, BICICLETAS Y COCHES FORMENTERA","robots":{"index":"index","follow":"follow","max-snippet":"max-snippet:-1","max-image-preview":"max-image-preview:large","max-video-preview":"max-video-preview:-1"},"canonical":"https:\/\/mitjornmotorent.com\/it\/cookies\/","og_locale":"it_IT","og_type":"article","og_title":"Cookies - ALQUILER MOTOS, BICICLETAS Y COCHES FORMENTERA","og_description":"Politica sui cookie MOTO RENT MITJORN utilizza i cookie per migliorare l&#8217;esperienza utente e facile navigazione per migliorare la qualit\u00e0 del servizio e come proprietario del sito Web che si sta visitando, dettagliate in questa sezione di informativa sui cookie esso mira a fornire una chiara le informazioni nei cookie che vengono utilizzati sulla tua [&hellip;]","og_url":"https:\/\/mitjornmotorent.com\/it\/cookies\/","og_site_name":"ALQUILER MOTOS, BICICLETAS Y COCHES FORMENTERA","article_modified_time":"2024-05-29T07:57:01+00:00","twitter_card":"summary_large_image","twitter_misc":{"Tempo di lettura stimato":"3 minuti"},"schema":{"@context":"https:\/\/schema.org","@graph":[{"@type":"WebPage","@id":"https:\/\/mitjornmotorent.com\/it\/cookies\/","url":"https:\/\/mitjornmotorent.com\/it\/cookies\/","name":"Cookies - ALQUILER MOTOS, BICICLETAS Y COCHES FORMENTERA","isPartOf":{"@id":"https:\/\/mitjornmotorent.com\/it\/#website"},"datePublished":"2024-03-07T11:07:32+00:00","dateModified":"2024-05-29T07:57:01+00:00","breadcrumb":{"@id":"https:\/\/mitjornmotorent.com\/it\/cookies\/#breadcrumb"},"inLanguage":"it-IT","potentialAction":[{"@type":"ReadAction","target":["https:\/\/mitjornmotorent.com\/it\/cookies\/"]}]},{"@type":"BreadcrumbList","@id":"https:\/\/mitjornmotorent.com\/it\/cookies\/#breadcrumb","itemListElement":[{"@type":"ListItem","position":1,"name":"Portada","item":"https:\/\/mitjornmotorent.com\/it\/"},{"@type":"ListItem","position":2,"name":"Cookies"}]},{"@type":"WebSite","@id":"https:\/\/mitjornmotorent.com\/it\/#website","url":"https:\/\/mitjornmotorent.com\/it\/","name":"ALQUILER MOTOS, BICICLETAS Y COCHES FORMENTERA","description":"N\u00ba1 MITJORN MotoRent","potentialAction":[{"@type":"SearchAction","target":{"@type":"EntryPoint","urlTemplate":"https:\/\/mitjornmotorent.com\/it\/?s={search_term_string}"},"query-input":{"@type":"PropertyValueSpecification","valueRequired":true,"valueName":"search_term_string"}}],"inLanguage":"it-IT"}]}},"_links":{"self":[{"href":"https:\/\/mitjornmotorent.com\/it\/wp-json\/wp\/v2\/pages\/15755","targetHints":{"allow":["GET"]}}],"collection":[{"href":"https:\/\/mitjornmotorent.com\/it\/wp-json\/wp\/v2\/pages"}],"about":[{"href":"https:\/\/mitjornmotorent.com\/it\/wp-json\/wp\/v2\/types\/page"}],"author":[{"embeddable":true,"href":"https:\/\/mitjornmotorent.com\/it\/wp-json\/wp\/v2\/users\/1"}],"replies":[{"embeddable":true,"href":"https:\/\/mitjornmotorent.com\/it\/wp-json\/wp\/v2\/comments?post=15755"}],"version-history":[{"count":11,"href":"https:\/\/mitjornmotorent.com\/it\/wp-json\/wp\/v2\/pages\/15755\/revisions"}],"predecessor-version":[{"id":17295,"href":"https:\/\/mitjornmotorent.com\/it\/wp-json\/wp\/v2\/pages\/15755\/revisions\/17295"}],"wp:attachment":[{"href":"https:\/\/mitjornmotorent.com\/it\/wp-json\/wp\/v2\/media?parent=15755"}],"curies":[{"name":"wp","href":"https:\/\/api.w.org\/{rel}","templated":true}]}}