{"id":15701,"date":"2024-04-24T10:13:58","date_gmt":"2024-04-24T10:13:58","guid":{"rendered":"https:\/\/mitjorn.walaxia.cat\/?page_id=15701"},"modified":"2024-05-29T07:40:10","modified_gmt":"2024-05-29T07:40:10","slug":"avviso-legale","status":"publish","type":"page","link":"https:\/\/mitjornmotorent.com\/it\/avviso-legale\/","title":{"rendered":"Avviso legale"},"content":{"rendered":"\t\t<div data-elementor-type=\"wp-page\" data-elementor-id=\"15701\" class=\"elementor elementor-15701 elementor-12680\" data-elementor-post-type=\"page\">\n\t\t\t\t<div class=\"elementor-element elementor-element-8afa2db e-con-full e-flex e-con e-parent\" data-id=\"8afa2db\" data-element_type=\"container\" data-e-type=\"container\">\n\t\t<div class=\"elementor-element elementor-element-6dc9429 e-flex e-con-boxed e-con e-child\" data-id=\"6dc9429\" data-element_type=\"container\" data-e-type=\"container\" data-settings=\"{&quot;background_background&quot;:&quot;classic&quot;}\">\n\t\t\t\t\t<div class=\"e-con-inner\">\n\t\t\t\t<div class=\"elementor-element elementor-element-474fb56 texto-blanco elementor-widget elementor-widget-tripgo_elementor_heading\" data-id=\"474fb56\" data-element_type=\"widget\" data-e-type=\"widget\" data-widget_type=\"tripgo_elementor_heading.default\">\n\t\t\t\t<div class=\"elementor-widget-container\">\n\t\t\t\t\t\t\t<div class=\"ova-title\">\n\n\t\t\t\n\t\t\t\t\t\t\t\n\t\t\t\t\t<h1 class=\"title\">Avviso legale<\/h1>\n\t\t\t\t\t\t\t\n\t\t\t\n\t\t<\/div> \n\t\t \t\n\t\t\t\t\t\t<\/div>\n\t\t\t\t<\/div>\n\t\t\t\t<div class=\"elementor-element elementor-element-fc27ee9 elementor-widget elementor-widget-spacer\" data-id=\"fc27ee9\" data-element_type=\"widget\" data-e-type=\"widget\" id=\"motor-busqueda\" data-widget_type=\"spacer.default\">\n\t\t\t\t<div class=\"elementor-widget-container\">\n\t\t\t\t\t\t\t<div class=\"elementor-spacer\">\n\t\t\t<div class=\"elementor-spacer-inner\"><\/div>\n\t\t<\/div>\n\t\t\t\t\t\t<\/div>\n\t\t\t\t<\/div>\n\t\t\t\t\t<\/div>\n\t\t\t\t<\/div>\n\t\t\t\t<\/div>\n\t\t<div class=\"elementor-element elementor-element-b13e7f4 e-flex e-con-boxed e-con e-parent\" data-id=\"b13e7f4\" data-element_type=\"container\" data-e-type=\"container\">\n\t\t\t\t\t<div class=\"e-con-inner\">\n\t\t\t\t<div class=\"elementor-element elementor-element-0c769aa elementor-widget elementor-widget-shortcode\" data-id=\"0c769aa\" data-element_type=\"widget\" data-e-type=\"widget\" data-widget_type=\"shortcode.default\">\n\t\t\t\t<div class=\"elementor-widget-container\">\n\t\t\t\t\t\t\t<div class=\"elementor-shortcode\">\n<section class=\"mybooking mybooking-selector widget widget_mybooking_renting_engine_selector reservation-step  \">\n  <form\n    id=\"form-selector\"\n    class=\"mybooking-selector_form\"\n    name=\"widget_search_form\"\n    method=\"get\"\n    enctype=\"application\/x-www-form-urlencoded\">\n\n    \n    \n    \n    \n      <\/form>\n<\/section>\n<\/div>\n\t\t\t\t\t\t<\/div>\n\t\t\t\t<\/div>\n\t\t\t\t\t<\/div>\n\t\t\t\t<\/div>\n\t\t<div class=\"elementor-element elementor-element-58c1f6a e-flex e-con-boxed e-con e-parent\" data-id=\"58c1f6a\" data-element_type=\"container\" data-e-type=\"container\">\n\t\t\t\t\t<div class=\"e-con-inner\">\n\t\t<div class=\"elementor-element elementor-element-c206202 e-con-full e-flex e-con e-child\" data-id=\"c206202\" data-element_type=\"container\" data-e-type=\"container\">\n\t\t\t\t<div class=\"elementor-element elementor-element-27a6015 texto-rojo espacio-description elementor-widget elementor-widget-tripgo_elementor_heading\" data-id=\"27a6015\" data-element_type=\"widget\" data-e-type=\"widget\" data-widget_type=\"tripgo_elementor_heading.default\">\n\t\t\t\t<div class=\"elementor-widget-container\">\n\t\t\t\t\t\t\t<div class=\"ova-title\">\n\n\t\t\t\n\t\t\t\t\t\t\t\n\t\t\t\t\t<h2 class=\"title\">Regole di utilizzo del web site<\/h2>\n\t\t\t\t\t\t\t\n\t\t\t\n\t\t<\/div> \n\t\t \t\n\t\t\t\t\t\t<\/div>\n\t\t\t\t<\/div>\n\t\t\t\t<\/div>\n\t\t\t\t\t<\/div>\n\t\t\t\t<\/div>\n\t\t<div class=\"elementor-element elementor-element-6ca43292 e-flex e-con-boxed e-con e-parent\" data-id=\"6ca43292\" data-element_type=\"container\" data-e-type=\"container\">\n\t\t\t\t\t<div class=\"e-con-inner\">\n\t\t\t\t<div class=\"elementor-element elementor-element-4c829073 elementor-widget elementor-widget-text-editor\" data-id=\"4c829073\" data-element_type=\"widget\" data-e-type=\"widget\" data-widget_type=\"text-editor.default\">\n\t\t\t\t<div class=\"elementor-widget-container\">\n\t\t\t\t\t\t\t\t\t<p>Il creditore, che \u00e8 responsabile per questo sito, offre agli utenti questo documento destinato a conformarsi agli obblighi della legge 34\/2002, di servizi della societ\u00e0 dell&#8217;informazione e commercio elettronico (LSSI-CE), oltre a informare tutti gli utenti delle condizioni di utilizzo del sito web:<br \/><br \/><span class=\"texto-rojo\">1.-<\/span> Il sito web www.mitjornmotorent.com \u00e8 di propriet\u00e0 di MOTO RENT MITJORN SL, sotto la denominazione commerciale MOTO RENT MITJORN, con CIF B-42820712, e l&#8217;indirizzo del sito Web su Av. Mediterr\u00e0nia, 2 \u2013 Pl. Bj \u2013 Esc. A \u2013 Prta. 5, 07870, La Savina \u2013 Formentera (Illes Balears).<br \/><br \/><span class=\"texto-rojo\">2.-<\/span> Qualsiasi persona che accede a questo sito assume il ruolo di utente, compromettere il rispetto, accettazione e osservanza rigorosa qui organizzati, cos\u00ec come altre disposizioni legali che si applicherebbe. <br \/><br \/><span class=\"texto-rojo\">3.-<\/span> L&#8217;utente \u00e8 obbligato a fare un uso corretto del sito web e i servizi offerti, con totale sottomissione alla legge, moralit\u00e0 e le presenti condizioni di utilizzo \u00e8 espressamente vietato qualsiasi uso di questo sito web si rivolge come ben com o qualsiasi che coinvolgono in qualsiasi modo danneggiare, disabilitare, sovraccaricare, compromettere o impedire il normale utilizzo del sito Web da parte degli utenti.<br \/><br \/><span class=\"texto-rojo\">4.-<\/span> Per l&#8217;accesso al sito, l&#8217;utente deve disporre di accesso a Internet. Per il corretto accesso, la visualizzazione e l&#8217;attuazione di determinati contenuti e servizi del sito web, l&#8217;utente potrebbe essere necessario scaricare il loro materiale informatico determinati programmi informatici o altri elementi logici come aggiornamenti, plug-in, ecc. Questa installazione \u00e8 a carico dell&#8217;utente esclusivamente, che si assumer\u00e0 ogni rischio in proprio, il mutuante declinando qualsiasi responsabilit\u00e0 che esso potrebbe derivare.<br \/><br \/><span class=\"texto-rojo\">5.-<\/span> \u00c8 espressamente vietato che l&#8217;utente autorizzato di terze parti uso, totale o parziale, del sito web o \u00e8 che entrano e\/o incorporare in un&#8217;attivit\u00e0 di business proprio il contenuto e\/o servizi incorporati. \u00c8 espressamente vietato l&#8217;uso o l&#8217;applicazione di qualsiasi risorsa tecnica, logico o tecnologica, in virt\u00f9 della quale gli utenti possono beneficiare, direttamente o indirettamente, con o senza scopo di lucro, dello sfruttamento non autorizzato dei contenuti e\/o servizi offerti o del sito web stesso.<br \/><br \/><span class=\"texto-rojo\">6.-<\/span> L&#8217;utente si impegna ad astenersi dall&#8217;utilizzare i contenuti e servizi in modo da danneggiare, disabilitare, sovraccaricare, o mettere in pericolo il sito Web o impedire il normale utilizzo o godimento dello stesso da parte di altri utenti lasciando severamente vietato all&#8217;utente di eseguire azioni che reca r:dati di bar al fine di emettere comunicazioni pubblicitarie o commerciali, inviare altri messaggi agli utenti del sito web, inviare stringhe di messaggio elettronica, liste di distribuzione di uso che sono accessibili attraverso il sito Web per l&#8217;attuazione delle attivit\u00e0 di cui ai paragrafi precedenti e mettere a disposizione di terzi, per qualsiasi scopo, i dati ottenuti dal sito web.<br \/><br \/><span class=\"texto-rojo\">7.-<\/span> Il provider non \u00e8 responsabile per l&#8217;uso improprio che viene fatto del contenuto del suo sito web, essendo la sola responsabilit\u00e0 della persona che accede o utilizza li.<br \/><br \/><span class=\"texto-rojo\">8.-<\/span> Il sito web www.mitjornmotorent.com fornisce informazioni sulle attivit\u00e0 svolte, i prodotti commercializzati e servizi forniti, che dovrebbero essere considerate le stesse informazioni di carattere e pubblicit\u00e0 essere disponibili all&#8217;utente nella mail per contattare info@mitjornmotorent.com o telefono 971 32 23 06 per espandere tali informazioni e risolvere qualsiasi dubbio.<br \/><br \/><span class=\"texto-rojo\">9.-<\/span> Per l&#8217;accesso a determinati servizi provider di richiedere i dati personali da parte degli utenti. In questi casi, l&#8217;utente deve fornire le informazioni richieste, per fornire dati veritieri, accurati e completi sulla loro identit\u00e0 e impegno ad aggiornare i dati di registrazione affinch\u00e9 questi continuano ad essere veritieri, accurati e completi.<br \/><br \/>Se l&#8217;utente fornisce i dati falsi, inesatti o incompleti, o se il provider ha avuto sufficienti motivi per sospettare che tali informazioni sarebbero totalmente o parzialmente false, inesatte, incomplete o contrario alla legge o i requisiti di moralit\u00e0 e buona Doganali generalmente accettata, il proprietario di questo sito web \u00e8 di ha il diritto di annullare la registrazione e negare l&#8217;accesso e utilizzare, presenti o futuri, del sito web o di qualsiasi contenuto e\/o servizi incorporati.<br \/><br \/><span class=\"texto-rojo\">10.-<\/span> Il fornitore si riserva il diritto di cambiare, modificare, aggiungere o rimuovere in qualsiasi momento e senza preavviso, parte di queste condizioni e apportare le modifiche nel contenuto del sito web per tecnica, computer, motivi legali o commerciali senza queste circostanze danno diritto all&#8217;utente di percepire alcun compenso.<br \/><br \/>Era il provider \u00e8 esente e pertanto non si assume alcuna responsabilit\u00e0 per danni di qualsiasi natura che potrebbero essere causa di interferenze, omissioni, interruzioni, virus informatici, guasti telefono o disconnessioni nel funzionamento di questo sito web, motivati da ragioni di forza maggiore; per ritardi o blocchi nell&#8217;uso di questo sito Web causati da carenze o sovraccarichi nel suo centro di elaborazione dati, delle linee, il sistema di Internet o altri sistemi elettronici; n\u00e9 dei danni che potrebbe essere causato da terzi attraverso illegittimo intromissions sfuggono al controllo del provider.<br \/><br \/><span class=\"texto-rojo\">11.-<\/span> Il fornitore non \u00e8 responsabile delle possibili discrepanze che potrebbero sorgere tra la versione dei suoi documenti stampati e la versione elettronica degli stessi pubblicati sul suo sito web.<br \/><br \/><span class=\"texto-rojo\">12.-<\/span> Tutti i contenuti (testo, immagini, loghi, fotografie, informazioni, pubblicit\u00e0, marchi) e gli elementi grafici (disegno, foto, loghi, marchi, codice sorgente e altri analoghi) che costituiscono il sito web, nonch\u00e9 la presentazione o Assembly, sono soggetti a diritti Propriet\u00e0 industriale e intellettuale e sono di propriet\u00e0 del provider ad eccezione di quelli che appartengono a societ\u00e0 terze che sono anche soggetti agli stessi diritti di propriet\u00e0 industriale e intellettuale.<br \/><br \/><span class=\"texto-rojo\">13.-<\/span> Il provider ha incluso il relativi riferimenti di sito web per aziende e collegamenti (links) con ben informato, a meno che in ogni caso si supponga suggerimento, invito o raccomandazione su di loro, senza avere il controllo su di loro e, pertanto, non si assume alcuna responsabilit\u00e0 per le informazioni contenute nei siti Web di terze parti cui \u00e8 possibile accedere tramite i collegamenti (links). <br \/><br \/><span class=\"texto-rojo\">14.-<\/span> Il fornitore si riserva l&#8217;esercizio di azioni giudiziarie, civile o penale contro tali persone fisiche o giuridiche e i loro rappresentanti che violano le disposizioni di questi termini e condizioni.<br \/><br \/><span class=\"texto-rojo\">15.-<\/span> Sito web www.mitjornmotorent.com \u00e8 governato e soggetto a legge spagnola ed \u00e8 sotto la giurisdizione dei giudici e tribunali di Spagna. Qualsiasi controversia, conflitto o reclamo che pu\u00f2 sorgere per quanto riguarda l&#8217;adempimento delle condizioni di utilizzo del sito web e i servizi in che esso contenuti verr\u00e0 risolti dai giudici e tribunali che determinano la legge applicabile. <br \/><br \/><span class=\"texto-rojo\">16.-<\/span> il fornitore garantisce la riservatezza dei dati personali forniti dagli utenti e loro trattamento automatizzato conformemente alla legge sulla protezione dei dati di carattere personale e la clausola sulla protezione dei dati l&#8217;adozione di questa misure tecniche ed organizzative per evitare la perdita, uso improprio, alterazione e accesso non autorizzato, tenendo conto dello stato della tecnologia, la natura dei dati e i rischi a cui sono esposti.<br \/><br \/><span class=\"texto-rojo\">Clausola di protezione dei dati<\/span><br \/>Accesso ad alcune delle attivit\u00e0, prodotti e servizi offerti attraverso il sito web www.mitjornmotorent.com pu\u00f2 richiedere all&#8217;utente di fornire alcuni dati di carattere personale. In conformit\u00e0 con la legge organica 15\/1999, del 13 dicembre, di protezione di carattere personale dei dati, comunica che tali dati personali saranno inseriti per file un dati personali, debitamente registrato nella Log file dell&#8217;agenzia di protezione dei dati spagnola e il cui scopo \u00e8 quello di facilitare la gestione di servizi appaltati e informazioni sui prodotti offerti. Il provider pu\u00f2 inoltre utilizzare i dati personali forniti per la remissione periodica con mezzi elettronici di informazioni riguardanti offerte, promozioni, nuovi prodotti o servizi. Il provider non fornir\u00e0 a terzi i dati personali forniti dai propri utenti. L&#8217;utente potr\u00e0 esercitare i diritti di accesso, opposizione, rettifica o cancellazione dei propri dati personali forniti, per mezzo di comunicazione diretta al info@mitjornmotorent.com <\/p>\t\t\t\t\t\t\t\t<\/div>\n\t\t\t\t<\/div>\n\t\t\t\t\t<\/div>\n\t\t\t\t<\/div>\n\t\t<div class=\"elementor-element elementor-element-cfaa37f e-flex e-con-boxed e-con e-parent\" data-id=\"cfaa37f\" data-element_type=\"container\" data-e-type=\"container\">\n\t\t\t\t\t<div class=\"e-con-inner\">\n\t\t\t\t<div class=\"elementor-element elementor-element-efd636f elementor-widget elementor-widget-spacer\" data-id=\"efd636f\" data-element_type=\"widget\" data-e-type=\"widget\" data-widget_type=\"spacer.default\">\n\t\t\t\t<div class=\"elementor-widget-container\">\n\t\t\t\t\t\t\t<div class=\"elementor-spacer\">\n\t\t\t<div class=\"elementor-spacer-inner\"><\/div>\n\t\t<\/div>\n\t\t\t\t\t\t<\/div>\n\t\t\t\t<\/div>\n\t\t\t\t\t<\/div>\n\t\t\t\t<\/div>\n\t\t\t\t<\/div>\n\t\t","protected":false},"excerpt":{"rendered":"<p>Avviso legale Regole di utilizzo del web site Il creditore, che \u00e8 responsabile per questo sito, offre agli utenti questo documento destinato a conformarsi agli obblighi della legge 34\/2002, di servizi della societ\u00e0 dell&#8217;informazione e commercio elettronico (LSSI-CE), oltre a informare tutti gli utenti delle condizioni di utilizzo del sito web: 1.- Il sito web [&hellip;]<\/p>\n","protected":false},"author":1,"featured_media":0,"parent":0,"menu_order":0,"comment_status":"closed","ping_status":"closed","template":"elementor_header_footer","meta":{"_acf_changed":false,"footnotes":""},"class_list":["post-15701","page","type-page","status-publish","hentry"],"acf":[],"yoast_head":"<!-- This site is optimized with the Yoast SEO plugin v27.0 - https:\/\/yoast.com\/product\/yoast-seo-wordpress\/ -->\n<title>Avviso legale - ALQUILER MOTOS, BICICLETAS Y COCHES FORMENTERA<\/title>\n<meta name=\"robots\" content=\"index, follow, max-snippet:-1, max-image-preview:large, max-video-preview:-1\" \/>\n<link rel=\"canonical\" href=\"https:\/\/mitjornmotorent.com\/it\/avviso-legale\/\" \/>\n<meta property=\"og:locale\" content=\"it_IT\" \/>\n<meta property=\"og:type\" content=\"article\" \/>\n<meta property=\"og:title\" content=\"Avviso legale - ALQUILER MOTOS, BICICLETAS Y COCHES FORMENTERA\" \/>\n<meta property=\"og:description\" content=\"Avviso legale Regole di utilizzo del web site Il creditore, che \u00e8 responsabile per questo sito, offre agli utenti questo documento destinato a conformarsi agli obblighi della legge 34\/2002, di servizi della societ\u00e0 dell&#8217;informazione e commercio elettronico (LSSI-CE), oltre a informare tutti gli utenti delle condizioni di utilizzo del sito web: 1.- Il sito web [&hellip;]\" \/>\n<meta property=\"og:url\" content=\"https:\/\/mitjornmotorent.com\/it\/avviso-legale\/\" \/>\n<meta property=\"og:site_name\" content=\"ALQUILER MOTOS, BICICLETAS Y COCHES FORMENTERA\" \/>\n<meta property=\"article:modified_time\" content=\"2024-05-29T07:40:10+00:00\" \/>\n<meta name=\"twitter:card\" content=\"summary_large_image\" \/>\n<meta name=\"twitter:label1\" content=\"Tempo di lettura stimato\" \/>\n\t<meta name=\"twitter:data1\" content=\"6 minuti\" \/>\n<script type=\"application\/ld+json\" class=\"yoast-schema-graph\">{\"@context\":\"https:\/\/schema.org\",\"@graph\":[{\"@type\":\"WebPage\",\"@id\":\"https:\/\/mitjornmotorent.com\/it\/avviso-legale\/\",\"url\":\"https:\/\/mitjornmotorent.com\/it\/avviso-legale\/\",\"name\":\"Avviso legale - ALQUILER MOTOS, BICICLETAS Y COCHES FORMENTERA\",\"isPartOf\":{\"@id\":\"https:\/\/mitjornmotorent.com\/it\/#website\"},\"datePublished\":\"2024-04-24T10:13:58+00:00\",\"dateModified\":\"2024-05-29T07:40:10+00:00\",\"breadcrumb\":{\"@id\":\"https:\/\/mitjornmotorent.com\/it\/avviso-legale\/#breadcrumb\"},\"inLanguage\":\"it-IT\",\"potentialAction\":[{\"@type\":\"ReadAction\",\"target\":[\"https:\/\/mitjornmotorent.com\/it\/avviso-legale\/\"]}]},{\"@type\":\"BreadcrumbList\",\"@id\":\"https:\/\/mitjornmotorent.com\/it\/avviso-legale\/#breadcrumb\",\"itemListElement\":[{\"@type\":\"ListItem\",\"position\":1,\"name\":\"Portada\",\"item\":\"https:\/\/mitjornmotorent.com\/it\/\"},{\"@type\":\"ListItem\",\"position\":2,\"name\":\"Avviso legale\"}]},{\"@type\":\"WebSite\",\"@id\":\"https:\/\/mitjornmotorent.com\/it\/#website\",\"url\":\"https:\/\/mitjornmotorent.com\/it\/\",\"name\":\"ALQUILER MOTOS, BICICLETAS Y COCHES FORMENTERA\",\"description\":\"N\u00ba1 MITJORN MotoRent\",\"potentialAction\":[{\"@type\":\"SearchAction\",\"target\":{\"@type\":\"EntryPoint\",\"urlTemplate\":\"https:\/\/mitjornmotorent.com\/it\/?s={search_term_string}\"},\"query-input\":{\"@type\":\"PropertyValueSpecification\",\"valueRequired\":true,\"valueName\":\"search_term_string\"}}],\"inLanguage\":\"it-IT\"}]}<\/script>\n<!-- \/ Yoast SEO plugin. -->","yoast_head_json":{"title":"Avviso legale - ALQUILER MOTOS, BICICLETAS Y COCHES FORMENTERA","robots":{"index":"index","follow":"follow","max-snippet":"max-snippet:-1","max-image-preview":"max-image-preview:large","max-video-preview":"max-video-preview:-1"},"canonical":"https:\/\/mitjornmotorent.com\/it\/avviso-legale\/","og_locale":"it_IT","og_type":"article","og_title":"Avviso legale - ALQUILER MOTOS, BICICLETAS Y COCHES FORMENTERA","og_description":"Avviso legale Regole di utilizzo del web site Il creditore, che \u00e8 responsabile per questo sito, offre agli utenti questo documento destinato a conformarsi agli obblighi della legge 34\/2002, di servizi della societ\u00e0 dell&#8217;informazione e commercio elettronico (LSSI-CE), oltre a informare tutti gli utenti delle condizioni di utilizzo del sito web: 1.- Il sito web [&hellip;]","og_url":"https:\/\/mitjornmotorent.com\/it\/avviso-legale\/","og_site_name":"ALQUILER MOTOS, BICICLETAS Y COCHES FORMENTERA","article_modified_time":"2024-05-29T07:40:10+00:00","twitter_card":"summary_large_image","twitter_misc":{"Tempo di lettura stimato":"6 minuti"},"schema":{"@context":"https:\/\/schema.org","@graph":[{"@type":"WebPage","@id":"https:\/\/mitjornmotorent.com\/it\/avviso-legale\/","url":"https:\/\/mitjornmotorent.com\/it\/avviso-legale\/","name":"Avviso legale - ALQUILER MOTOS, BICICLETAS Y COCHES FORMENTERA","isPartOf":{"@id":"https:\/\/mitjornmotorent.com\/it\/#website"},"datePublished":"2024-04-24T10:13:58+00:00","dateModified":"2024-05-29T07:40:10+00:00","breadcrumb":{"@id":"https:\/\/mitjornmotorent.com\/it\/avviso-legale\/#breadcrumb"},"inLanguage":"it-IT","potentialAction":[{"@type":"ReadAction","target":["https:\/\/mitjornmotorent.com\/it\/avviso-legale\/"]}]},{"@type":"BreadcrumbList","@id":"https:\/\/mitjornmotorent.com\/it\/avviso-legale\/#breadcrumb","itemListElement":[{"@type":"ListItem","position":1,"name":"Portada","item":"https:\/\/mitjornmotorent.com\/it\/"},{"@type":"ListItem","position":2,"name":"Avviso legale"}]},{"@type":"WebSite","@id":"https:\/\/mitjornmotorent.com\/it\/#website","url":"https:\/\/mitjornmotorent.com\/it\/","name":"ALQUILER MOTOS, BICICLETAS Y COCHES FORMENTERA","description":"N\u00ba1 MITJORN MotoRent","potentialAction":[{"@type":"SearchAction","target":{"@type":"EntryPoint","urlTemplate":"https:\/\/mitjornmotorent.com\/it\/?s={search_term_string}"},"query-input":{"@type":"PropertyValueSpecification","valueRequired":true,"valueName":"search_term_string"}}],"inLanguage":"it-IT"}]}},"_links":{"self":[{"href":"https:\/\/mitjornmotorent.com\/it\/wp-json\/wp\/v2\/pages\/15701","targetHints":{"allow":["GET"]}}],"collection":[{"href":"https:\/\/mitjornmotorent.com\/it\/wp-json\/wp\/v2\/pages"}],"about":[{"href":"https:\/\/mitjornmotorent.com\/it\/wp-json\/wp\/v2\/types\/page"}],"author":[{"embeddable":true,"href":"https:\/\/mitjornmotorent.com\/it\/wp-json\/wp\/v2\/users\/1"}],"replies":[{"embeddable":true,"href":"https:\/\/mitjornmotorent.com\/it\/wp-json\/wp\/v2\/comments?post=15701"}],"version-history":[{"count":11,"href":"https:\/\/mitjornmotorent.com\/it\/wp-json\/wp\/v2\/pages\/15701\/revisions"}],"predecessor-version":[{"id":17261,"href":"https:\/\/mitjornmotorent.com\/it\/wp-json\/wp\/v2\/pages\/15701\/revisions\/17261"}],"wp:attachment":[{"href":"https:\/\/mitjornmotorent.com\/it\/wp-json\/wp\/v2\/media?parent=15701"}],"curies":[{"name":"wp","href":"https:\/\/api.w.org\/{rel}","templated":true}]}}