{"id":15789,"date":"2024-02-12T10:26:34","date_gmt":"2024-02-12T10:26:34","guid":{"rendered":"https:\/\/mitjorn.walaxia.cat\/?page_id=15789"},"modified":"2026-02-03T08:51:35","modified_gmt":"2026-02-03T08:51:35","slug":"opinions","status":"publish","type":"page","link":"https:\/\/mitjornmotorent.com\/fr\/opinions\/","title":{"rendered":"Opinions"},"content":{"rendered":"\t\t<div data-elementor-type=\"wp-page\" data-elementor-id=\"15789\" class=\"elementor elementor-15789 elementor-9412\" data-elementor-post-type=\"page\">\n\t\t\t\t<div class=\"elementor-element elementor-element-72cc42d e-con-full e-flex e-con e-parent\" data-id=\"72cc42d\" data-element_type=\"container\" data-e-type=\"container\">\n\t\t<div class=\"elementor-element elementor-element-5572281 e-con-full e-flex e-con e-child\" data-id=\"5572281\" data-element_type=\"container\" data-e-type=\"container\">\n\t\t<div class=\"elementor-element elementor-element-cdbc656 e-flex e-con-boxed e-con e-child\" data-id=\"cdbc656\" data-element_type=\"container\" data-e-type=\"container\" data-settings=\"{&quot;background_background&quot;:&quot;classic&quot;}\">\n\t\t\t\t\t<div class=\"e-con-inner\">\n\t\t\t\t<div class=\"elementor-element elementor-element-3658735 elementor-widget elementor-widget-tripgo_elementor_header_banner\" data-id=\"3658735\" data-element_type=\"widget\" data-e-type=\"widget\" data-widget_type=\"tripgo_elementor_header_banner.default\">\n\t\t\t\t<div class=\"elementor-widget-container\">\n\t\t\t\t\t\t\t \t<!-- Display when you choose background per Post -->\n\t\t \t<div class=\"wrap_header_banner  center \"  >\n\n\t\t \t\t\t\t\t \t\n\t\t\t\t \t<div class=\"cover_color\"><\/div>\n\n\t\t\t\t\t<div class=\"header_banner_el \">\n\t\t\t\t\t\t\n\t\t\t\t\t\t\t\t\t\t\t\t\t\n\t\t\t\t\t\t\t\n\t\t\t\t\t\t\t\t\t\t\t\t\t\t<h1 class=\" header_title\">\n\t\t\t\t\t\t\t\t\t\t\t\t\t\t\t<\/h1>\n\t\t\t\t\t\t\t\t\n\t\t\t\t\t\t\n\n\t\t\t\t\t\t\n\t\t\t\t\t<\/div>\n\n\t\t\t\t\n\t\t\t<\/div>\n\t\t\t\t\t\t<\/div>\n\t\t\t\t<\/div>\n\t\t\t\t<div class=\"elementor-element elementor-element-8369e0f elementor-widget elementor-widget-spacer\" data-id=\"8369e0f\" data-element_type=\"widget\" data-e-type=\"widget\" id=\"motor-busqueda\" data-widget_type=\"spacer.default\">\n\t\t\t\t<div class=\"elementor-widget-container\">\n\t\t\t\t\t\t\t<div class=\"elementor-spacer\">\n\t\t\t<div class=\"elementor-spacer-inner\"><\/div>\n\t\t<\/div>\n\t\t\t\t\t\t<\/div>\n\t\t\t\t<\/div>\n\t\t\t\t\t<\/div>\n\t\t\t\t<\/div>\n\t\t\t\t<\/div>\n\t\t\t\t<\/div>\n\t\t<div class=\"elementor-element elementor-element-427e47e e-flex e-con-boxed e-con e-parent\" data-id=\"427e47e\" data-element_type=\"container\" data-e-type=\"container\">\n\t\t\t\t\t<div class=\"e-con-inner\">\n\t\t\t\t<div class=\"elementor-element elementor-element-cc464e0 elementor-widget elementor-widget-shortcode\" data-id=\"cc464e0\" data-element_type=\"widget\" data-e-type=\"widget\" data-widget_type=\"shortcode.default\">\n\t\t\t\t<div class=\"elementor-widget-container\">\n\t\t\t\t\t\t\t<div class=\"elementor-shortcode\">\n<section class=\"mybooking mybooking-selector widget widget_mybooking_renting_engine_selector reservation-step  \">\n  <form\n    id=\"form-selector\"\n    class=\"mybooking-selector_form\"\n    name=\"widget_search_form\"\n    method=\"get\"\n    enctype=\"application\/x-www-form-urlencoded\">\n\n    \n    \n    \n    \n      <\/form>\n<\/section>\n<\/div>\n\t\t\t\t\t\t<\/div>\n\t\t\t\t<\/div>\n\t\t\t\t\t<\/div>\n\t\t\t\t<\/div>\n\t\t<div class=\"elementor-element elementor-element-bdb3b48 e-flex e-con-boxed e-con e-parent\" data-id=\"bdb3b48\" data-element_type=\"container\" data-e-type=\"container\">\n\t\t\t\t\t<div class=\"e-con-inner\">\n\t\t\t\t<div class=\"elementor-element elementor-element-6a65d2f elementor-widget elementor-widget-spacer\" data-id=\"6a65d2f\" data-element_type=\"widget\" data-e-type=\"widget\" data-widget_type=\"spacer.default\">\n\t\t\t\t<div class=\"elementor-widget-container\">\n\t\t\t\t\t\t\t<div class=\"elementor-spacer\">\n\t\t\t<div class=\"elementor-spacer-inner\"><\/div>\n\t\t<\/div>\n\t\t\t\t\t\t<\/div>\n\t\t\t\t<\/div>\n\t\t\t\t\t<\/div>\n\t\t\t\t<\/div>\n\t\t<div class=\"elementor-element elementor-element-d457ac5 e-flex e-con-boxed e-con e-parent\" data-id=\"d457ac5\" data-element_type=\"container\" data-e-type=\"container\">\n\t\t\t\t\t<div class=\"e-con-inner\">\n\t\t\t\t<div class=\"elementor-element elementor-element-36d07a7 elementor-widget__width-initial texto-rojo espacio-description elementor-widget elementor-widget-tripgo_elementor_heading\" data-id=\"36d07a7\" data-element_type=\"widget\" data-e-type=\"widget\" data-widget_type=\"tripgo_elementor_heading.default\">\n\t\t\t\t<div class=\"elementor-widget-container\">\n\t\t\t\t\t\t\t<div class=\"ova-title\">\n\n\t\t\t\n\t\t\t\t\t\t\t\n\t\t\t\t\t<h2 class=\"title\">Ce que disent nos clients<\/h2>\n\t\t\t\t\t\t\t\n\t\t\t\t\t\t\t<p class=\"description\">Ne partez pas sans lire quelques-uns des avis de nos clients, un excellent moyen de v\u00e9rifier la qualit\u00e9 de notre service.<\/p>\n\t\t\t\n\t\t<\/div> \n\t\t \t\n\t\t\t\t\t\t<\/div>\n\t\t\t\t<\/div>\n\t\t\t\t\t<\/div>\n\t\t\t\t<\/div>\n\t\t<div class=\"elementor-element elementor-element-ed1b062 e-flex e-con-boxed e-con e-parent\" data-id=\"ed1b062\" data-element_type=\"container\" data-e-type=\"container\">\n\t\t\t\t\t<div class=\"e-con-inner\">\n\t\t\t\t<div class=\"elementor-element elementor-element-ab0a7f5 elementor-widget__width-initial review-google elementor-widget elementor-widget-shortcode\" data-id=\"ab0a7f5\" data-element_type=\"widget\" data-e-type=\"widget\" data-widget_type=\"shortcode.default\">\n\t\t\t\t<div class=\"elementor-widget-container\">\n\t\t\t\t\t\t\t<div class=\"elementor-shortcode\"><div data-src=\"https:\/\/cdn.trustindex.io\/loader.js?c809ed9632e78926ff56a58cae4\"><\/div><\/div>\n\t\t\t\t\t\t<\/div>\n\t\t\t\t<\/div>\n\t\t\t\t\t<\/div>\n\t\t\t\t<\/div>\n\t\t\t\t<section class=\"elementor-section elementor-top-section elementor-element elementor-element-89bde0f elementor-hidden-desktop elementor-hidden-tablet elementor-hidden-mobile elementor-section-boxed elementor-section-height-default elementor-section-height-default\" data-id=\"89bde0f\" data-element_type=\"section\" data-e-type=\"section\">\n\t\t\t\t\t\t<div class=\"elementor-container elementor-column-gap-no\">\n\t\t\t\t\t<div class=\"elementor-column elementor-col-100 elementor-top-column elementor-element elementor-element-ec257b9\" data-id=\"ec257b9\" data-element_type=\"column\" data-e-type=\"column\">\n\t\t\t<div class=\"elementor-widget-wrap elementor-element-populated\">\n\t\t\t\t\t\t<section class=\"elementor-section elementor-inner-section elementor-element elementor-element-bea2498 opiniones-page elementor-section-boxed elementor-section-height-default elementor-section-height-default\" data-id=\"bea2498\" data-element_type=\"section\" data-e-type=\"section\">\n\t\t\t\t\t\t<div class=\"elementor-container elementor-column-gap-default\">\n\t\t\t\t\t<div class=\"elementor-column elementor-col-33 elementor-inner-column elementor-element elementor-element-d55d6f7\" data-id=\"d55d6f7\" data-element_type=\"column\" data-e-type=\"column\">\n\t\t\t<div class=\"elementor-widget-wrap elementor-element-populated\">\n\t\t\t\t\t\t<div class=\"elementor-element elementor-element-6190796 elementor-widget elementor-widget-tripgo_elementor_testimonial_5\" data-id=\"6190796\" data-element_type=\"widget\" data-e-type=\"widget\" data-widget_type=\"tripgo_elementor_testimonial_5.default\">\n\t\t\t\t<div class=\"elementor-widget-container\">\n\t\t\t\t\t\n\t\t<div class=\"ova-testimonial-5 \">\n\t\t\t<div class=\"wrap-evaluate\">\n\t\t\t\t<div class=\"evaluate\">\n\t\t\t\t\t\t\t\t\t\t\t<p class=\"text\">\n\t\t\t\t\t\t\tUne exp\u00e9rience formidable\t\t\t\t\t\t<\/p>\n\t\t\t\t\t\n\t\t\t\t\t<!-- rating -->\n\t\t\t\t\t\t\t\t\t\t\t\t\t\t\t\t\t\t<div class=\"rating\">\n\t\t\t\t\t\t\t\t<div class=\"elementor-star-rating\" title=\"5\/5\"><i class=\"elementor-star-full\">&#xE934;<\/i><i class=\"elementor-star-full\">&#xE934;<\/i><i class=\"elementor-star-full\">&#xE934;<\/i><i class=\"elementor-star-full\">&#xE934;<\/i><i class=\"elementor-star-full\">&#xE934;<\/i> <\/div>\t\t\t\t\t\t\t<\/div>\n\t\t\t\t\t\t\t\t\t\t\t\t\t\t\t<\/div>\n                \n                \t                <span class=\"quote\">\n\t                \t<i aria-hidden=\"true\" class=\"ovaicon ovaicon-right-quote\"><\/i>\t                <\/span>\n\t\t\t\t\t\t\t<\/div>\n\t\t\t\n\t\t\t\t\t\t\t<p class=\"content\">\n\t\t\t\t\t&quot;Service d&#039;excellence !!! Tr\u00e8s bien. Je recommande.&quot;\t\t\t\t<\/p>\n\t\t\t\t\t\t\t\n\t\t\t<div class=\"info\">\n\t\t\t\t\n\t\t\t\t<div class=\"name-job\">\n\t\t\t\t\t\t\t\t\t\t\t<p class=\"name\">\n\t\t\t\t\t\t\tGustavo David de Sousa\t\t\t\t\t\t<\/p>\n\t\t\t\t\t\n\t\t\t\t\t\t\t\t\t<\/div>\n\t\t\t<\/div>\n\t\t<\/div>\n\n\t\t\t\t\t\t<\/div>\n\t\t\t\t<\/div>\n\t\t\t\t<div class=\"elementor-element elementor-element-1bbc614 elementor-widget elementor-widget-tripgo_elementor_testimonial_5\" data-id=\"1bbc614\" data-element_type=\"widget\" data-e-type=\"widget\" data-widget_type=\"tripgo_elementor_testimonial_5.default\">\n\t\t\t\t<div class=\"elementor-widget-container\">\n\t\t\t\t\t\n\t\t<div class=\"ova-testimonial-5 \">\n\t\t\t<div class=\"wrap-evaluate\">\n\t\t\t\t<div class=\"evaluate\">\n\t\t\t\t\t\t\t\t\t\t\t<p class=\"text\">\n\t\t\t\t\t\t\tTr\u00e8s recommandable\t\t\t\t\t\t<\/p>\n\t\t\t\t\t\n\t\t\t\t\t<!-- rating -->\n\t\t\t\t\t\t\t\t\t\t\t\t\t\t\t\t\t\t<div class=\"rating\">\n\t\t\t\t\t\t\t\t<div class=\"elementor-star-rating\" title=\"5\/5\"><i class=\"elementor-star-full\">&#xE934;<\/i><i class=\"elementor-star-full\">&#xE934;<\/i><i class=\"elementor-star-full\">&#xE934;<\/i><i class=\"elementor-star-full\">&#xE934;<\/i><i class=\"elementor-star-full\">&#xE934;<\/i> <\/div>\t\t\t\t\t\t\t<\/div>\n\t\t\t\t\t\t\t\t\t\t\t\t\t\t\t<\/div>\n                \n                \t                <span class=\"quote\">\n\t                \t<i aria-hidden=\"true\" class=\"ovaicon ovaicon-right-quote\"><\/i>\t                <\/span>\n\t\t\t\t\t\t\t<\/div>\n\t\t\t\n\t\t\t\t\t\t\t<p class=\"content\">\n\t\t\t\t\tEmploy\u00e9s fantastiques. Super gentils et d\u00e9sireux de rendre service. Tr\u00e8s recommandable.\t\t\t\t<\/p>\n\t\t\t\t\t\t\t\n\t\t\t<div class=\"info\">\n\t\t\t\t\n\t\t\t\t<div class=\"name-job\">\n\t\t\t\t\t\t\t\t\t\t\t<p class=\"name\">\n\t\t\t\t\t\t\tNatalia Carrion llopis\t\t\t\t\t\t<\/p>\n\t\t\t\t\t\n\t\t\t\t\t\t\t\t\t<\/div>\n\t\t\t<\/div>\n\t\t<\/div>\n\n\t\t\t\t\t\t<\/div>\n\t\t\t\t<\/div>\n\t\t\t\t<div class=\"elementor-element elementor-element-4e78c29 elementor-widget elementor-widget-tripgo_elementor_testimonial_5\" data-id=\"4e78c29\" data-element_type=\"widget\" data-e-type=\"widget\" data-widget_type=\"tripgo_elementor_testimonial_5.default\">\n\t\t\t\t<div class=\"elementor-widget-container\">\n\t\t\t\t\t\n\t\t<div class=\"ova-testimonial-5 \">\n\t\t\t<div class=\"wrap-evaluate\">\n\t\t\t\t<div class=\"evaluate\">\n\t\t\t\t\t\t\t\t\t\t\t<p class=\"text\">\n\t\t\t\t\t\t\tNous avons pass\u00e9 un bon moment\t\t\t\t\t\t<\/p>\n\t\t\t\t\t\n\t\t\t\t\t<!-- rating -->\n\t\t\t\t\t\t\t\t\t\t\t\t\t\t\t\t\t\t<div class=\"rating\">\n\t\t\t\t\t\t\t\t<div class=\"elementor-star-rating\" title=\"5\/5\"><i class=\"elementor-star-full\">&#xE934;<\/i><i class=\"elementor-star-full\">&#xE934;<\/i><i class=\"elementor-star-full\">&#xE934;<\/i><i class=\"elementor-star-full\">&#xE934;<\/i><i class=\"elementor-star-full\">&#xE934;<\/i> <\/div>\t\t\t\t\t\t\t<\/div>\n\t\t\t\t\t\t\t\t\t\t\t\t\t\t\t<\/div>\n                \n                \t                <span class=\"quote\">\n\t                \t<i aria-hidden=\"true\" class=\"ovaicon ovaicon-right-quote\"><\/i>\t                <\/span>\n\t\t\t\t\t\t\t<\/div>\n\t\t\t\n\t\t\t\t\t\t\t<p class=\"content\">\n\t\t\t\t\tAlquilamos dos bicicletas el\u00e9ctricas, \u00a1lo pasamos genial!Nous avons lou\u00e9 deux v\u00e9los \u00e9lectriques, nous avons pass\u00e9 un bon moment !\t\t\t\t<\/p>\n\t\t\t\t\t\t\t\n\t\t\t<div class=\"info\">\n\t\t\t\t\n\t\t\t\t<div class=\"name-job\">\n\t\t\t\t\t\t\t\t\t\t\t<p class=\"name\">\n\t\t\t\t\t\t\tGiulia Gigante\t\t\t\t\t\t<\/p>\n\t\t\t\t\t\n\t\t\t\t\t\t\t\t\t<\/div>\n\t\t\t<\/div>\n\t\t<\/div>\n\n\t\t\t\t\t\t<\/div>\n\t\t\t\t<\/div>\n\t\t\t\t\t<\/div>\n\t\t<\/div>\n\t\t\t\t<div class=\"elementor-column elementor-col-33 elementor-inner-column elementor-element elementor-element-074973e\" data-id=\"074973e\" data-element_type=\"column\" data-e-type=\"column\">\n\t\t\t<div class=\"elementor-widget-wrap elementor-element-populated\">\n\t\t\t\t\t\t<div class=\"elementor-element elementor-element-e9020fb elementor-widget elementor-widget-tripgo_elementor_testimonial_5\" data-id=\"e9020fb\" data-element_type=\"widget\" data-e-type=\"widget\" data-widget_type=\"tripgo_elementor_testimonial_5.default\">\n\t\t\t\t<div class=\"elementor-widget-container\">\n\t\t\t\t\t\n\t\t<div class=\"ova-testimonial-5 active\">\n\t\t\t<div class=\"wrap-evaluate\">\n\t\t\t\t<div class=\"evaluate\">\n\t\t\t\t\t\t\t\t\t\t\t<p class=\"text\">\n\t\t\t\t\t\t\tPersonnel tr\u00e8s sympathique\t\t\t\t\t\t<\/p>\n\t\t\t\t\t\n\t\t\t\t\t<!-- rating -->\n\t\t\t\t\t\t\t\t\t\t\t\t\t\t\t\t\t\t<div class=\"rating\">\n\t\t\t\t\t\t\t\t<div class=\"elementor-star-rating\" title=\"5\/5\"><i class=\"elementor-star-full\">&#xE934;<\/i><i class=\"elementor-star-full\">&#xE934;<\/i><i class=\"elementor-star-full\">&#xE934;<\/i><i class=\"elementor-star-full\">&#xE934;<\/i><i class=\"elementor-star-full\">&#xE934;<\/i> <\/div>\t\t\t\t\t\t\t<\/div>\n\t\t\t\t\t\t\t\t\t\t\t\t\t\t\t<\/div>\n                \n                \t                <span class=\"quote\">\n\t                \t<i aria-hidden=\"true\" class=\"ovaicon ovaicon-right-quote\"><\/i>\t                <\/span>\n\t\t\t\t\t\t\t<\/div>\n\t\t\t\n\t\t\t\t\t\t\t<p class=\"content\">\n\t\t\t\t\tPersonnellement, j&#039;ai pass\u00e9 un tr\u00e8s bon moment, la r\u00e9servation en ligne \u00e9tait facile. Le personnel est sympathique, agr\u00e9able et pr\u00eat \u00e0 r\u00e9pondre \u00e0 vos demandes. Je le recommande vivement !\t\t\t\t<\/p>\n\t\t\t\t\t\t\t\n\t\t\t<div class=\"info\">\n\t\t\t\t\n\t\t\t\t<div class=\"name-job\">\n\t\t\t\t\t\t\t\t\t\t\t<p class=\"name\">\n\t\t\t\t\t\t\tPier Franziosi\t\t\t\t\t\t<\/p>\n\t\t\t\t\t\n\t\t\t\t\t\t\t\t\t<\/div>\n\t\t\t<\/div>\n\t\t<\/div>\n\n\t\t\t\t\t\t<\/div>\n\t\t\t\t<\/div>\n\t\t\t\t<div class=\"elementor-element elementor-element-1903e64 elementor-widget elementor-widget-tripgo_elementor_testimonial_5\" data-id=\"1903e64\" data-element_type=\"widget\" data-e-type=\"widget\" data-widget_type=\"tripgo_elementor_testimonial_5.default\">\n\t\t\t\t<div class=\"elementor-widget-container\">\n\t\t\t\t\t\n\t\t<div class=\"ova-testimonial-5 \">\n\t\t\t<div class=\"wrap-evaluate\">\n\t\t\t\t<div class=\"evaluate\">\n\t\t\t\t\t\t\t\t\t\t\t<p class=\"text\">\n\t\t\t\t\t\t\tExcellent service\t\t\t\t\t\t<\/p>\n\t\t\t\t\t\n\t\t\t\t\t<!-- rating -->\n\t\t\t\t\t\t\t\t\t\t\t\t\t\t\t\t\t\t<div class=\"rating\">\n\t\t\t\t\t\t\t\t<div class=\"elementor-star-rating\" title=\"5\/5\"><i class=\"elementor-star-full\">&#xE934;<\/i><i class=\"elementor-star-full\">&#xE934;<\/i><i class=\"elementor-star-full\">&#xE934;<\/i><i class=\"elementor-star-full\">&#xE934;<\/i><i class=\"elementor-star-full\">&#xE934;<\/i> <\/div>\t\t\t\t\t\t\t<\/div>\n\t\t\t\t\t\t\t\t\t\t\t\t\t\t\t<\/div>\n                \n                \t                <span class=\"quote\">\n\t                \t<i aria-hidden=\"true\" class=\"ovaicon ovaicon-right-quote\"><\/i>\t                <\/span>\n\t\t\t\t\t\t\t<\/div>\n\t\t\t\n\t\t\t\t\t\t\t<p class=\"content\">\n\t\t\t\t\tUne des rares entreprises de location de scooters ouvertes \u00e0 la mi-novembre. Avec l&#039;aide du &quot;propri\u00e9taire&quot;, nous avons r\u00e9solu un probl\u00e8me de carte et avons finalement pass\u00e9 une belle journ\u00e9e.\t\t\t\t<\/p>\n\t\t\t\t\t\t\t\n\t\t\t<div class=\"info\">\n\t\t\t\t\n\t\t\t\t<div class=\"name-job\">\n\t\t\t\t\t\t\t\t\t\t\t<p class=\"name\">\n\t\t\t\t\t\t\tMandy de la Sencerie\t\t\t\t\t\t<\/p>\n\t\t\t\t\t\n\t\t\t\t\t\t\t\t\t<\/div>\n\t\t\t<\/div>\n\t\t<\/div>\n\n\t\t\t\t\t\t<\/div>\n\t\t\t\t<\/div>\n\t\t\t\t\t<\/div>\n\t\t<\/div>\n\t\t\t\t<div class=\"elementor-column elementor-col-33 elementor-inner-column elementor-element elementor-element-de06422\" data-id=\"de06422\" data-element_type=\"column\" data-e-type=\"column\">\n\t\t\t<div class=\"elementor-widget-wrap elementor-element-populated\">\n\t\t\t\t\t\t<div class=\"elementor-element elementor-element-ea0c676 elementor-widget elementor-widget-tripgo_elementor_testimonial_5\" data-id=\"ea0c676\" data-element_type=\"widget\" data-e-type=\"widget\" data-widget_type=\"tripgo_elementor_testimonial_5.default\">\n\t\t\t\t<div class=\"elementor-widget-container\">\n\t\t\t\t\t\n\t\t<div class=\"ova-testimonial-5 \">\n\t\t\t<div class=\"wrap-evaluate\">\n\t\t\t\t<div class=\"evaluate\">\n\t\t\t\t\t\t\t\t\t\t\t<p class=\"text\">\n\t\t\t\t\t\t\tNous avons appr\u00e9ci\u00e9 Formentera\t\t\t\t\t\t<\/p>\n\t\t\t\t\t\n\t\t\t\t\t<!-- rating -->\n\t\t\t\t\t\t\t\t\t\t\t\t\t\t\t\t\t\t<div class=\"rating\">\n\t\t\t\t\t\t\t\t<div class=\"elementor-star-rating\" title=\"5\/5\"><i class=\"elementor-star-full\">&#xE934;<\/i><i class=\"elementor-star-full\">&#xE934;<\/i><i class=\"elementor-star-full\">&#xE934;<\/i><i class=\"elementor-star-full\">&#xE934;<\/i><i class=\"elementor-star-full\">&#xE934;<\/i> <\/div>\t\t\t\t\t\t\t<\/div>\n\t\t\t\t\t\t\t\t\t\t\t\t\t\t\t<\/div>\n                \n                \t                <span class=\"quote\">\n\t                \t<i aria-hidden=\"true\" class=\"ovaicon ovaicon-right-quote\"><\/i>\t                <\/span>\n\t\t\t\t\t\t\t<\/div>\n\t\t\t\n\t\t\t\t\t\t\t<p class=\"content\">\n\t\t\t\t\tNous avons pu visiter Formentera partout, d\u00e9jeuner. Plage, et finir par les Salines, je le recommande vivement, c&#039;\u00e9tait tellement agr\u00e9able que nous l&#039;avons \u00e9norm\u00e9ment appr\u00e9ci\u00e9,\t\t\t\t<\/p>\n\t\t\t\t\t\t\t\n\t\t\t<div class=\"info\">\n\t\t\t\t\n\t\t\t\t<div class=\"name-job\">\n\t\t\t\t\t\t\t\t\t\t\t<p class=\"name\">\n\t\t\t\t\t\t\tOuz\u00e9 helene\t\t\t\t\t\t<\/p>\n\t\t\t\t\t\n\t\t\t\t\t\t\t\t\t<\/div>\n\t\t\t<\/div>\n\t\t<\/div>\n\n\t\t\t\t\t\t<\/div>\n\t\t\t\t<\/div>\n\t\t\t\t<div class=\"elementor-element elementor-element-0570f94 elementor-widget elementor-widget-tripgo_elementor_testimonial_5\" data-id=\"0570f94\" data-element_type=\"widget\" data-e-type=\"widget\" data-widget_type=\"tripgo_elementor_testimonial_5.default\">\n\t\t\t\t<div class=\"elementor-widget-container\">\n\t\t\t\t\t\n\t\t<div class=\"ova-testimonial-5 \">\n\t\t\t<div class=\"wrap-evaluate\">\n\t\t\t\t<div class=\"evaluate\">\n\t\t\t\t\t\t\t\t\t\t\t<p class=\"text\">\n\t\t\t\t\t\t\tTr\u00e8s bon service\t\t\t\t\t\t<\/p>\n\t\t\t\t\t\n\t\t\t\t\t<!-- rating -->\n\t\t\t\t\t\t\t\t\t\t\t\t\t\t\t\t\t\t<div class=\"rating\">\n\t\t\t\t\t\t\t\t<div class=\"elementor-star-rating\" title=\"5\/5\"><i class=\"elementor-star-full\">&#xE934;<\/i><i class=\"elementor-star-full\">&#xE934;<\/i><i class=\"elementor-star-full\">&#xE934;<\/i><i class=\"elementor-star-full\">&#xE934;<\/i><i class=\"elementor-star-full\">&#xE934;<\/i> <\/div>\t\t\t\t\t\t\t<\/div>\n\t\t\t\t\t\t\t\t\t\t\t\t\t\t\t<\/div>\n                \n                \t                <span class=\"quote\">\n\t                \t<i aria-hidden=\"true\" class=\"ovaicon ovaicon-right-quote\"><\/i>\t                <\/span>\n\t\t\t\t\t\t\t<\/div>\n\t\t\t\n\t\t\t\t\t\t\t<p class=\"content\">\n\t\t\t\t\tNous avons lou\u00e9 une FIAT PANDA pour 1 jour, nous avons beaucoup appr\u00e9ci\u00e9, bon service et personnel agr\u00e9able.\t\t\t\t<\/p>\n\t\t\t\t\t\t\t\n\t\t\t<div class=\"info\">\n\t\t\t\t\n\t\t\t\t<div class=\"name-job\">\n\t\t\t\t\t\t\t\t\t\t\t<p class=\"name\">\n\t\t\t\t\t\t\tWissal Wissal\t\t\t\t\t\t<\/p>\n\t\t\t\t\t\n\t\t\t\t\t\t\t\t\t<\/div>\n\t\t\t<\/div>\n\t\t<\/div>\n\n\t\t\t\t\t\t<\/div>\n\t\t\t\t<\/div>\n\t\t\t\t\t<\/div>\n\t\t<\/div>\n\t\t\t\t\t<\/div>\n\t\t<\/section>\n\t\t\t\t\t<\/div>\n\t\t<\/div>\n\t\t\t\t\t<\/div>\n\t\t<\/section>\n\t\t\t\t<\/div>\n\t\t","protected":false},"excerpt":{"rendered":"<p>Ce que disent nos clients Ne partez pas sans lire quelques-uns des avis de nos clients, un excellent moyen de v\u00e9rifier la qualit\u00e9 de notre service. Une exp\u00e9rience formidable &#xE934;&#xE934;&#xE934;&#xE934;&#xE934; &quot;Service d&#039;excellence !!! Tr\u00e8s bien. Je recommande.&quot; Gustavo David de Sousa Tr\u00e8s recommandable &#xE934;&#xE934;&#xE934;&#xE934;&#xE934; Employ\u00e9s fantastiques. Super gentils et d\u00e9sireux de rendre service. Tr\u00e8s recommandable. [&hellip;]<\/p>\n","protected":false},"author":2,"featured_media":0,"parent":0,"menu_order":0,"comment_status":"closed","ping_status":"closed","template":"elementor_header_footer","meta":{"_acf_changed":false,"footnotes":""},"class_list":["post-15789","page","type-page","status-publish","hentry"],"acf":[],"yoast_head":"<!-- This site is optimized with the Yoast SEO plugin v27.0 - https:\/\/yoast.com\/product\/yoast-seo-wordpress\/ -->\n<title>Opinions - ALQUILER MOTOS, BICICLETAS Y COCHES FORMENTERA<\/title>\n<meta name=\"robots\" content=\"index, follow, max-snippet:-1, max-image-preview:large, max-video-preview:-1\" \/>\n<link rel=\"canonical\" href=\"https:\/\/mitjornmotorent.com\/fr\/opinions\/\" \/>\n<meta property=\"og:locale\" content=\"fr_FR\" \/>\n<meta property=\"og:type\" content=\"article\" \/>\n<meta property=\"og:title\" content=\"Opinions - ALQUILER MOTOS, BICICLETAS Y COCHES FORMENTERA\" \/>\n<meta property=\"og:description\" content=\"Ce que disent nos clients Ne partez pas sans lire quelques-uns des avis de nos clients, un excellent moyen de v\u00e9rifier la qualit\u00e9 de notre service. Une exp\u00e9rience formidable &#xE934;&#xE934;&#xE934;&#xE934;&#xE934; &quot;Service d&#039;excellence !!! Tr\u00e8s bien. Je recommande.&quot; Gustavo David de Sousa Tr\u00e8s recommandable &#xE934;&#xE934;&#xE934;&#xE934;&#xE934; Employ\u00e9s fantastiques. Super gentils et d\u00e9sireux de rendre service. Tr\u00e8s recommandable. [&hellip;]\" \/>\n<meta property=\"og:url\" content=\"https:\/\/mitjornmotorent.com\/fr\/opinions\/\" \/>\n<meta property=\"og:site_name\" content=\"ALQUILER MOTOS, BICICLETAS Y COCHES FORMENTERA\" \/>\n<meta property=\"article:modified_time\" content=\"2026-02-03T08:51:35+00:00\" \/>\n<meta name=\"twitter:card\" content=\"summary_large_image\" \/>\n<meta name=\"twitter:label1\" content=\"Dur\u00e9e de lecture estim\u00e9e\" \/>\n\t<meta name=\"twitter:data1\" content=\"2 minutes\" \/>\n<script type=\"application\/ld+json\" class=\"yoast-schema-graph\">{\"@context\":\"https:\/\/schema.org\",\"@graph\":[{\"@type\":\"WebPage\",\"@id\":\"https:\/\/mitjornmotorent.com\/fr\/opinions\/\",\"url\":\"https:\/\/mitjornmotorent.com\/fr\/opinions\/\",\"name\":\"Opinions - ALQUILER MOTOS, BICICLETAS Y COCHES FORMENTERA\",\"isPartOf\":{\"@id\":\"https:\/\/mitjornmotorent.com\/fr\/#website\"},\"datePublished\":\"2024-02-12T10:26:34+00:00\",\"dateModified\":\"2026-02-03T08:51:35+00:00\",\"breadcrumb\":{\"@id\":\"https:\/\/mitjornmotorent.com\/fr\/opinions\/#breadcrumb\"},\"inLanguage\":\"fr-FR\",\"potentialAction\":[{\"@type\":\"ReadAction\",\"target\":[\"https:\/\/mitjornmotorent.com\/fr\/opinions\/\"]}]},{\"@type\":\"BreadcrumbList\",\"@id\":\"https:\/\/mitjornmotorent.com\/fr\/opinions\/#breadcrumb\",\"itemListElement\":[{\"@type\":\"ListItem\",\"position\":1,\"name\":\"Portada\",\"item\":\"https:\/\/mitjornmotorent.com\/fr\/\"},{\"@type\":\"ListItem\",\"position\":2,\"name\":\"Opinions\"}]},{\"@type\":\"WebSite\",\"@id\":\"https:\/\/mitjornmotorent.com\/fr\/#website\",\"url\":\"https:\/\/mitjornmotorent.com\/fr\/\",\"name\":\"ALQUILER MOTOS, BICICLETAS Y COCHES FORMENTERA\",\"description\":\"N\u00ba1 MITJORN MotoRent\",\"potentialAction\":[{\"@type\":\"SearchAction\",\"target\":{\"@type\":\"EntryPoint\",\"urlTemplate\":\"https:\/\/mitjornmotorent.com\/fr\/?s={search_term_string}\"},\"query-input\":{\"@type\":\"PropertyValueSpecification\",\"valueRequired\":true,\"valueName\":\"search_term_string\"}}],\"inLanguage\":\"fr-FR\"}]}<\/script>\n<!-- \/ Yoast SEO plugin. -->","yoast_head_json":{"title":"Opinions - ALQUILER MOTOS, BICICLETAS Y COCHES FORMENTERA","robots":{"index":"index","follow":"follow","max-snippet":"max-snippet:-1","max-image-preview":"max-image-preview:large","max-video-preview":"max-video-preview:-1"},"canonical":"https:\/\/mitjornmotorent.com\/fr\/opinions\/","og_locale":"fr_FR","og_type":"article","og_title":"Opinions - ALQUILER MOTOS, BICICLETAS Y COCHES FORMENTERA","og_description":"Ce que disent nos clients Ne partez pas sans lire quelques-uns des avis de nos clients, un excellent moyen de v\u00e9rifier la qualit\u00e9 de notre service. Une exp\u00e9rience formidable &#xE934;&#xE934;&#xE934;&#xE934;&#xE934; &quot;Service d&#039;excellence !!! Tr\u00e8s bien. Je recommande.&quot; Gustavo David de Sousa Tr\u00e8s recommandable &#xE934;&#xE934;&#xE934;&#xE934;&#xE934; Employ\u00e9s fantastiques. Super gentils et d\u00e9sireux de rendre service. Tr\u00e8s recommandable. [&hellip;]","og_url":"https:\/\/mitjornmotorent.com\/fr\/opinions\/","og_site_name":"ALQUILER MOTOS, BICICLETAS Y COCHES FORMENTERA","article_modified_time":"2026-02-03T08:51:35+00:00","twitter_card":"summary_large_image","twitter_misc":{"Dur\u00e9e de lecture estim\u00e9e":"2 minutes"},"schema":{"@context":"https:\/\/schema.org","@graph":[{"@type":"WebPage","@id":"https:\/\/mitjornmotorent.com\/fr\/opinions\/","url":"https:\/\/mitjornmotorent.com\/fr\/opinions\/","name":"Opinions - ALQUILER MOTOS, BICICLETAS Y COCHES FORMENTERA","isPartOf":{"@id":"https:\/\/mitjornmotorent.com\/fr\/#website"},"datePublished":"2024-02-12T10:26:34+00:00","dateModified":"2026-02-03T08:51:35+00:00","breadcrumb":{"@id":"https:\/\/mitjornmotorent.com\/fr\/opinions\/#breadcrumb"},"inLanguage":"fr-FR","potentialAction":[{"@type":"ReadAction","target":["https:\/\/mitjornmotorent.com\/fr\/opinions\/"]}]},{"@type":"BreadcrumbList","@id":"https:\/\/mitjornmotorent.com\/fr\/opinions\/#breadcrumb","itemListElement":[{"@type":"ListItem","position":1,"name":"Portada","item":"https:\/\/mitjornmotorent.com\/fr\/"},{"@type":"ListItem","position":2,"name":"Opinions"}]},{"@type":"WebSite","@id":"https:\/\/mitjornmotorent.com\/fr\/#website","url":"https:\/\/mitjornmotorent.com\/fr\/","name":"ALQUILER MOTOS, BICICLETAS Y COCHES FORMENTERA","description":"N\u00ba1 MITJORN MotoRent","potentialAction":[{"@type":"SearchAction","target":{"@type":"EntryPoint","urlTemplate":"https:\/\/mitjornmotorent.com\/fr\/?s={search_term_string}"},"query-input":{"@type":"PropertyValueSpecification","valueRequired":true,"valueName":"search_term_string"}}],"inLanguage":"fr-FR"}]}},"_links":{"self":[{"href":"https:\/\/mitjornmotorent.com\/fr\/wp-json\/wp\/v2\/pages\/15789","targetHints":{"allow":["GET"]}}],"collection":[{"href":"https:\/\/mitjornmotorent.com\/fr\/wp-json\/wp\/v2\/pages"}],"about":[{"href":"https:\/\/mitjornmotorent.com\/fr\/wp-json\/wp\/v2\/types\/page"}],"author":[{"embeddable":true,"href":"https:\/\/mitjornmotorent.com\/fr\/wp-json\/wp\/v2\/users\/2"}],"replies":[{"embeddable":true,"href":"https:\/\/mitjornmotorent.com\/fr\/wp-json\/wp\/v2\/comments?post=15789"}],"version-history":[{"count":14,"href":"https:\/\/mitjornmotorent.com\/fr\/wp-json\/wp\/v2\/pages\/15789\/revisions"}],"predecessor-version":[{"id":19617,"href":"https:\/\/mitjornmotorent.com\/fr\/wp-json\/wp\/v2\/pages\/15789\/revisions\/19617"}],"wp:attachment":[{"href":"https:\/\/mitjornmotorent.com\/fr\/wp-json\/wp\/v2\/media?parent=15789"}],"curies":[{"name":"wp","href":"https:\/\/api.w.org\/{rel}","templated":true}]}}