{"id":15753,"date":"2024-03-07T11:07:32","date_gmt":"2024-03-07T11:07:32","guid":{"rendered":"https:\/\/mitjorn.walaxia.cat\/?page_id=15753"},"modified":"2024-05-29T07:56:38","modified_gmt":"2024-05-29T07:56:38","slug":"cookies","status":"publish","type":"page","link":"https:\/\/mitjornmotorent.com\/fr\/cookies\/","title":{"rendered":"Cookies"},"content":{"rendered":"\t\t<div data-elementor-type=\"wp-page\" data-elementor-id=\"15753\" class=\"elementor elementor-15753 elementor-10264\" data-elementor-post-type=\"page\">\n\t\t\t\t<div class=\"elementor-element elementor-element-ae2ace5 e-con-full e-flex e-con e-parent\" data-id=\"ae2ace5\" data-element_type=\"container\" data-e-type=\"container\">\n\t\t<div class=\"elementor-element elementor-element-0d06653 e-flex e-con-boxed e-con e-child\" data-id=\"0d06653\" data-element_type=\"container\" data-e-type=\"container\" data-settings=\"{&quot;background_background&quot;:&quot;classic&quot;}\">\n\t\t\t\t\t<div class=\"e-con-inner\">\n\t\t\t\t<div class=\"elementor-element elementor-element-b8a8543 elementor-widget elementor-widget-tripgo_elementor_header_banner\" data-id=\"b8a8543\" data-element_type=\"widget\" data-e-type=\"widget\" data-widget_type=\"tripgo_elementor_header_banner.default\">\n\t\t\t\t<div class=\"elementor-widget-container\">\n\t\t\t\t\t\t\t \t<!-- Display when you choose background per Post -->\n\t\t \t<div class=\"wrap_header_banner  center \"  >\n\n\t\t \t\t\t\t\t \t\n\t\t\t\t \t<div class=\"cover_color\"><\/div>\n\n\t\t\t\t\t<div class=\"header_banner_el \">\n\t\t\t\t\t\t\n\t\t\t\t\t\t\t\t\t\t\t\t\t\n\t\t\t\t\t\t\t\n\t\t\t\t\t\t\t\t\t\t\t\t\t\t<h1 class=\" header_title\">\n\t\t\t\t\t\t\t\t\t\t\t\t\t\t\t<\/h1>\n\t\t\t\t\t\t\t\t\n\t\t\t\t\t\t\n\n\t\t\t\t\t\t\n\t\t\t\t\t<\/div>\n\n\t\t\t\t\n\t\t\t<\/div>\n\t\t\t\t\t\t<\/div>\n\t\t\t\t<\/div>\n\t\t\t\t<div class=\"elementor-element elementor-element-4a2cb72 elementor-widget elementor-widget-spacer\" data-id=\"4a2cb72\" data-element_type=\"widget\" data-e-type=\"widget\" id=\"motor-busqueda\" data-widget_type=\"spacer.default\">\n\t\t\t\t<div class=\"elementor-widget-container\">\n\t\t\t\t\t\t\t<div class=\"elementor-spacer\">\n\t\t\t<div class=\"elementor-spacer-inner\"><\/div>\n\t\t<\/div>\n\t\t\t\t\t\t<\/div>\n\t\t\t\t<\/div>\n\t\t\t\t\t<\/div>\n\t\t\t\t<\/div>\n\t\t\t\t<\/div>\n\t\t<div class=\"elementor-element elementor-element-24bf918 e-flex e-con-boxed e-con e-parent\" data-id=\"24bf918\" data-element_type=\"container\" data-e-type=\"container\">\n\t\t\t\t\t<div class=\"e-con-inner\">\n\t\t\t\t<div class=\"elementor-element elementor-element-d746041 elementor-widget elementor-widget-shortcode\" data-id=\"d746041\" data-element_type=\"widget\" data-e-type=\"widget\" data-widget_type=\"shortcode.default\">\n\t\t\t\t<div class=\"elementor-widget-container\">\n\t\t\t\t\t\t\t<div class=\"elementor-shortcode\">\n<section class=\"mybooking mybooking-selector widget widget_mybooking_renting_engine_selector reservation-step  \">\n  <form\n    id=\"form-selector\"\n    class=\"mybooking-selector_form\"\n    name=\"widget_search_form\"\n    method=\"get\"\n    enctype=\"application\/x-www-form-urlencoded\">\n\n    \n    \n    \n    \n      <\/form>\n<\/section>\n<\/div>\n\t\t\t\t\t\t<\/div>\n\t\t\t\t<\/div>\n\t\t\t\t\t<\/div>\n\t\t\t\t<\/div>\n\t\t<div class=\"elementor-element elementor-element-4dd5b93 e-flex e-con-boxed e-con e-parent\" data-id=\"4dd5b93\" data-element_type=\"container\" data-e-type=\"container\">\n\t\t\t\t\t<div class=\"e-con-inner\">\n\t\t<div class=\"elementor-element elementor-element-4559bc5 e-con-full e-flex e-con e-child\" data-id=\"4559bc5\" data-element_type=\"container\" data-e-type=\"container\">\n\t\t\t\t<div class=\"elementor-element elementor-element-1232603 texto-rojo espacio-description elementor-widget elementor-widget-tripgo_elementor_heading\" data-id=\"1232603\" data-element_type=\"widget\" data-e-type=\"widget\" data-widget_type=\"tripgo_elementor_heading.default\">\n\t\t\t\t<div class=\"elementor-widget-container\">\n\t\t\t\t\t\t\t<div class=\"ova-title\">\n\n\t\t\t\n\t\t\t\t\t\t\t\n\t\t\t\t\t<h2 class=\"title\">Politique de cookies<\/h2>\n\t\t\t\t\t\t\t\n\t\t\t\n\t\t<\/div> \n\t\t \t\n\t\t\t\t\t\t<\/div>\n\t\t\t\t<\/div>\n\t\t\t\t<\/div>\n\t\t\t\t\t<\/div>\n\t\t\t\t<\/div>\n\t\t<div class=\"elementor-element elementor-element-4da35de e-flex e-con-boxed e-con e-parent\" data-id=\"4da35de\" data-element_type=\"container\" data-e-type=\"container\">\n\t\t\t\t\t<div class=\"e-con-inner\">\n\t\t\t\t<div class=\"elementor-element elementor-element-4aef9f5 elementor-widget elementor-widget-text-editor\" data-id=\"4aef9f5\" data-element_type=\"widget\" data-e-type=\"widget\" data-widget_type=\"text-editor.default\">\n\t\t\t\t<div class=\"elementor-widget-container\">\n\t\t\t\t\t\t\t\t\t<p>MOTO RENT MITJORN utilise des cookies afin d\u2019am\u00e9liorer l\u2019exp\u00e9rience utilisateur et une navigation ais\u00e9e afin d\u2019am\u00e9liorer la qualit\u00e9 du service et en tant que propri\u00e9taire du site Web que vous visitiez, d\u00e9taill\u00e9es dans cette section que politique de Cookies il vise \u00e0 fournir clairement les informations contenues dans les cookies qui sont utilis\u00e9s sur votre page web.<br \/><br \/><span class=\"texto-rojo\">Ce qui est un cookie?<\/span><br \/>Un cookie est un fichier qui est t\u00e9l\u00e9charg\u00e9 et stock\u00e9 sur l\u2019ordinateur ou le p\u00e9riph\u00e9rique de l\u2019utilisateur d\u2019acc\u00e9der \u00e0 certaines pages web et sert \u00e0 stocker et r\u00e9cup\u00e9rer des informations sur la navigation, rend plus facile pour elle et la fourniture de services interactifs sans qu\u2019en tout cas, son utilisation est pr\u00e9judiciable ou nuisible pour votre ordinateur ou un p\u00e9riph\u00e9rique.<\/p><p>\u00a0<\/p><p><span class=\"texto-rojo\">Quels sont les types de cookies?<\/span><\/p><p><br \/>&#8211; En fonction qui est l\u2019entit\u00e9 qui g\u00e8re l\u2019envoi de cookies :<\/p><ul><li>Propres cookies, sont ceux qui sont envoy\u00e9s \u00e0 l\u2019\u00e9quipement terminal de l\u2019utilisateur d\u2019un ordinateur ou un domaine g\u00e9r\u00e9 par le propre \u00e9diteur et de qui il fournit le service demand\u00e9 par l\u2019utilisateur.<\/li><li>Cookies de tiers, sont ceux qui sont envoy\u00e9s \u00e0 l\u2019\u00e9quipement terminal de l\u2019utilisateur d\u2019un ordinateur ou le domaine n\u2019est pas g\u00e9r\u00e9 par l\u2019\u00e9diteur, mais par une autre entit\u00e9 qui traite l\u2019information obtenue par le biais de cookies.<\/li><li>\u00a0<\/li><\/ul><p>&#8211; Conform\u00e9ment \u00e0 l\u2019\u00e9ch\u00e9ancier qui restent actives :<\/p><ul><li>Les cookies de session, sont con\u00e7us pour recueillir et stocker des donn\u00e9es pendant que l\u2019utilisateur acc\u00e8de \u00e0 une page web.<\/li><li>Les cookies persistants\u00a0: sont con\u00e7us pour garder les donn\u00e9es stock\u00e9es dans le terminal ayant acc\u00e8s \u00e0 leur responsable de cookies pour une dur\u00e9e ind\u00e9termin\u00e9e.<\/li><li>\u00a0<\/li><\/ul><p>&#8211; Conform\u00e9ment \u00e0 leur objet :<\/p><ul><li>Les cookies strictement n\u00e9cessaires ou fonctionnelles pour la fourniture de certains services demand\u00e9s express\u00e9ment par l\u2019utilisateur et servent pour une navigation correcte et \u00e0 assurer que le contenu d\u2019une page web est charg\u00e9 efficacement.<\/li><li>Biscuits analytiques, de suivi et de collecte de donn\u00e9es statistiques de l\u2019activit\u00e9, afin d\u2019assurer le meilleur service \u00e0 l\u2019utilisateur.<\/li><li>Publicit\u00e9 des cookies, pour la gestion des espaces sur la base de crit\u00e8res tels que la fr\u00e9quence dans laquelle sont affichent les annonces publicitaires.<\/li><\/ul><p><span class=\"texto-rojo\">Quand je donne mon consentement pour l&rsquo;utilisation des Cookies?<\/span><br \/><br \/>Lorsque vous en tant qu\u2019utilisateur acc\u00e9dez \u00e0 notre site Web et d\u2019\u00eatre pr\u00e9venu avant de commencer la navigation sur l\u2019utilisation des Cookies, cela indique que vous \u00ab acceptez \u00bb. Il fournit \u00e9galement votre consentement lorsque vous fermez la fen\u00eatre d\u2019informations et continuez \u00e0 naviguer, ou lorsque vous effectuez des actions dans le site Web qui impliquent un consentement tacite. <br \/><br \/><span class=\"texto-rojo\">Gestion des cookies:<\/span><br \/>L\u2019utilisateur peut \u00e0 tout moment r\u00e9voquer, restreindre, bloquer ou supprimer le fonctionnement des cookies du site web en configurant votre navigateur \u00e0 l\u2019aide de cette fonctionnalit\u00e9 en visitant les liens suivants :<br \/><br \/>&#8211; Chrome,\u00a0<a class=\"texto-rojo\" href=\"http:\/\/support.google.com\/chrome\/bin\/answer.py?hl=es&amp;answer=95647\" target=\"_blank\" rel=\"noopener\">http:\/\/support.google.com\/chrome\/bin\/answer.py?hl=es&amp;answer=95647<\/a><br \/><br \/>&#8211; Explorer, <a class=\"texto-rojo\" href=\"http:\/\/windows.microsoft.com\/es-es\/windows7\/how-to-manage-cookies-in- internet-explorer-9\" target=\"_blank\" rel=\"noopener\">http:\/\/windows.microsoft.com\/es-es\/windows7\/how-to-manage-cookies-in-<br \/>internet-explorer-9<\/a><br \/><br \/>&#8211; Firefox, <a class=\"texto-rojo\" href=\"http:\/\/support.mozilla.org\/es\/kb\/habilitar-y-deshabilitar-cookies-que-los- sitios-we\" target=\"_blank\" rel=\"noopener\">http:\/\/support.mozilla.org\/es\/kb\/habilitar-y-deshabilitar-cookies-que-los-<br \/>sitios-we<\/a><br \/><br \/>&#8211; Safari, <a class=\"texto-rojo\" href=\"http:\/\/support.apple.com\/kb\/ph5042\" target=\"_blank\" rel=\"noopener\">http:\/\/support.apple.com\/kb\/ph5042<\/a><br \/><br \/>Dans le cas o\u00f9 vous d\u00e9cidez de supprimer ou de d\u00e9sactiver les cookies s\u2019il vous pla\u00eet note que, dans la plupart des cas, il est possible que vous ne pourrez pas utiliser toutes les fonctionnalit\u00e9s du site web et l\u2019acc\u00e8s \u00e0 certaines zones est limit\u00e9e ou restreintes. <\/p>\t\t\t\t\t\t\t\t<\/div>\n\t\t\t\t<\/div>\n\t\t\t\t\t<\/div>\n\t\t\t\t<\/div>\n\t\t<div class=\"elementor-element elementor-element-a55189d e-flex e-con-boxed e-con e-parent\" data-id=\"a55189d\" data-element_type=\"container\" data-e-type=\"container\">\n\t\t\t\t\t<div class=\"e-con-inner\">\n\t\t\t\t<div class=\"elementor-element elementor-element-4062296 elementor-widget elementor-widget-spacer\" data-id=\"4062296\" data-element_type=\"widget\" data-e-type=\"widget\" data-widget_type=\"spacer.default\">\n\t\t\t\t<div class=\"elementor-widget-container\">\n\t\t\t\t\t\t\t<div class=\"elementor-spacer\">\n\t\t\t<div class=\"elementor-spacer-inner\"><\/div>\n\t\t<\/div>\n\t\t\t\t\t\t<\/div>\n\t\t\t\t<\/div>\n\t\t\t\t\t<\/div>\n\t\t\t\t<\/div>\n\t\t\t\t<\/div>\n\t\t","protected":false},"excerpt":{"rendered":"<p>Politique de cookies MOTO RENT MITJORN utilise des cookies afin d\u2019am\u00e9liorer l\u2019exp\u00e9rience utilisateur et une navigation ais\u00e9e afin d\u2019am\u00e9liorer la qualit\u00e9 du service et en tant que propri\u00e9taire du site Web que vous visitiez, d\u00e9taill\u00e9es dans cette section que politique de Cookies il vise \u00e0 fournir clairement les informations contenues dans les cookies qui sont [&hellip;]<\/p>\n","protected":false},"author":1,"featured_media":0,"parent":0,"menu_order":0,"comment_status":"closed","ping_status":"closed","template":"elementor_header_footer","meta":{"_acf_changed":false,"footnotes":""},"class_list":["post-15753","page","type-page","status-publish","hentry"],"acf":[],"yoast_head":"<!-- This site is optimized with the Yoast SEO plugin v27.0 - https:\/\/yoast.com\/product\/yoast-seo-wordpress\/ -->\n<title>Cookies - ALQUILER MOTOS, BICICLETAS Y COCHES FORMENTERA<\/title>\n<meta name=\"robots\" content=\"index, follow, max-snippet:-1, max-image-preview:large, max-video-preview:-1\" \/>\n<link rel=\"canonical\" href=\"https:\/\/mitjornmotorent.com\/fr\/cookies\/\" \/>\n<meta property=\"og:locale\" content=\"fr_FR\" \/>\n<meta property=\"og:type\" content=\"article\" \/>\n<meta property=\"og:title\" content=\"Cookies - ALQUILER MOTOS, BICICLETAS Y COCHES FORMENTERA\" \/>\n<meta property=\"og:description\" content=\"Politique de cookies MOTO RENT MITJORN utilise des cookies afin d\u2019am\u00e9liorer l\u2019exp\u00e9rience utilisateur et une navigation ais\u00e9e afin d\u2019am\u00e9liorer la qualit\u00e9 du service et en tant que propri\u00e9taire du site Web que vous visitiez, d\u00e9taill\u00e9es dans cette section que politique de Cookies il vise \u00e0 fournir clairement les informations contenues dans les cookies qui sont [&hellip;]\" \/>\n<meta property=\"og:url\" content=\"https:\/\/mitjornmotorent.com\/fr\/cookies\/\" \/>\n<meta property=\"og:site_name\" content=\"ALQUILER MOTOS, BICICLETAS Y COCHES FORMENTERA\" \/>\n<meta property=\"article:modified_time\" content=\"2024-05-29T07:56:38+00:00\" \/>\n<meta name=\"twitter:card\" content=\"summary_large_image\" \/>\n<meta name=\"twitter:label1\" content=\"Dur\u00e9e de lecture estim\u00e9e\" \/>\n\t<meta name=\"twitter:data1\" content=\"3 minutes\" \/>\n<script type=\"application\/ld+json\" class=\"yoast-schema-graph\">{\"@context\":\"https:\/\/schema.org\",\"@graph\":[{\"@type\":\"WebPage\",\"@id\":\"https:\/\/mitjornmotorent.com\/fr\/cookies\/\",\"url\":\"https:\/\/mitjornmotorent.com\/fr\/cookies\/\",\"name\":\"Cookies - ALQUILER MOTOS, BICICLETAS Y COCHES FORMENTERA\",\"isPartOf\":{\"@id\":\"https:\/\/mitjornmotorent.com\/fr\/#website\"},\"datePublished\":\"2024-03-07T11:07:32+00:00\",\"dateModified\":\"2024-05-29T07:56:38+00:00\",\"breadcrumb\":{\"@id\":\"https:\/\/mitjornmotorent.com\/fr\/cookies\/#breadcrumb\"},\"inLanguage\":\"fr-FR\",\"potentialAction\":[{\"@type\":\"ReadAction\",\"target\":[\"https:\/\/mitjornmotorent.com\/fr\/cookies\/\"]}]},{\"@type\":\"BreadcrumbList\",\"@id\":\"https:\/\/mitjornmotorent.com\/fr\/cookies\/#breadcrumb\",\"itemListElement\":[{\"@type\":\"ListItem\",\"position\":1,\"name\":\"Portada\",\"item\":\"https:\/\/mitjornmotorent.com\/fr\/\"},{\"@type\":\"ListItem\",\"position\":2,\"name\":\"Cookies\"}]},{\"@type\":\"WebSite\",\"@id\":\"https:\/\/mitjornmotorent.com\/fr\/#website\",\"url\":\"https:\/\/mitjornmotorent.com\/fr\/\",\"name\":\"ALQUILER MOTOS, BICICLETAS Y COCHES FORMENTERA\",\"description\":\"N\u00ba1 MITJORN MotoRent\",\"potentialAction\":[{\"@type\":\"SearchAction\",\"target\":{\"@type\":\"EntryPoint\",\"urlTemplate\":\"https:\/\/mitjornmotorent.com\/fr\/?s={search_term_string}\"},\"query-input\":{\"@type\":\"PropertyValueSpecification\",\"valueRequired\":true,\"valueName\":\"search_term_string\"}}],\"inLanguage\":\"fr-FR\"}]}<\/script>\n<!-- \/ Yoast SEO plugin. -->","yoast_head_json":{"title":"Cookies - ALQUILER MOTOS, BICICLETAS Y COCHES FORMENTERA","robots":{"index":"index","follow":"follow","max-snippet":"max-snippet:-1","max-image-preview":"max-image-preview:large","max-video-preview":"max-video-preview:-1"},"canonical":"https:\/\/mitjornmotorent.com\/fr\/cookies\/","og_locale":"fr_FR","og_type":"article","og_title":"Cookies - ALQUILER MOTOS, BICICLETAS Y COCHES FORMENTERA","og_description":"Politique de cookies MOTO RENT MITJORN utilise des cookies afin d\u2019am\u00e9liorer l\u2019exp\u00e9rience utilisateur et une navigation ais\u00e9e afin d\u2019am\u00e9liorer la qualit\u00e9 du service et en tant que propri\u00e9taire du site Web que vous visitiez, d\u00e9taill\u00e9es dans cette section que politique de Cookies il vise \u00e0 fournir clairement les informations contenues dans les cookies qui sont [&hellip;]","og_url":"https:\/\/mitjornmotorent.com\/fr\/cookies\/","og_site_name":"ALQUILER MOTOS, BICICLETAS Y COCHES FORMENTERA","article_modified_time":"2024-05-29T07:56:38+00:00","twitter_card":"summary_large_image","twitter_misc":{"Dur\u00e9e de lecture estim\u00e9e":"3 minutes"},"schema":{"@context":"https:\/\/schema.org","@graph":[{"@type":"WebPage","@id":"https:\/\/mitjornmotorent.com\/fr\/cookies\/","url":"https:\/\/mitjornmotorent.com\/fr\/cookies\/","name":"Cookies - ALQUILER MOTOS, BICICLETAS Y COCHES FORMENTERA","isPartOf":{"@id":"https:\/\/mitjornmotorent.com\/fr\/#website"},"datePublished":"2024-03-07T11:07:32+00:00","dateModified":"2024-05-29T07:56:38+00:00","breadcrumb":{"@id":"https:\/\/mitjornmotorent.com\/fr\/cookies\/#breadcrumb"},"inLanguage":"fr-FR","potentialAction":[{"@type":"ReadAction","target":["https:\/\/mitjornmotorent.com\/fr\/cookies\/"]}]},{"@type":"BreadcrumbList","@id":"https:\/\/mitjornmotorent.com\/fr\/cookies\/#breadcrumb","itemListElement":[{"@type":"ListItem","position":1,"name":"Portada","item":"https:\/\/mitjornmotorent.com\/fr\/"},{"@type":"ListItem","position":2,"name":"Cookies"}]},{"@type":"WebSite","@id":"https:\/\/mitjornmotorent.com\/fr\/#website","url":"https:\/\/mitjornmotorent.com\/fr\/","name":"ALQUILER MOTOS, BICICLETAS Y COCHES FORMENTERA","description":"N\u00ba1 MITJORN MotoRent","potentialAction":[{"@type":"SearchAction","target":{"@type":"EntryPoint","urlTemplate":"https:\/\/mitjornmotorent.com\/fr\/?s={search_term_string}"},"query-input":{"@type":"PropertyValueSpecification","valueRequired":true,"valueName":"search_term_string"}}],"inLanguage":"fr-FR"}]}},"_links":{"self":[{"href":"https:\/\/mitjornmotorent.com\/fr\/wp-json\/wp\/v2\/pages\/15753","targetHints":{"allow":["GET"]}}],"collection":[{"href":"https:\/\/mitjornmotorent.com\/fr\/wp-json\/wp\/v2\/pages"}],"about":[{"href":"https:\/\/mitjornmotorent.com\/fr\/wp-json\/wp\/v2\/types\/page"}],"author":[{"embeddable":true,"href":"https:\/\/mitjornmotorent.com\/fr\/wp-json\/wp\/v2\/users\/1"}],"replies":[{"embeddable":true,"href":"https:\/\/mitjornmotorent.com\/fr\/wp-json\/wp\/v2\/comments?post=15753"}],"version-history":[{"count":11,"href":"https:\/\/mitjornmotorent.com\/fr\/wp-json\/wp\/v2\/pages\/15753\/revisions"}],"predecessor-version":[{"id":17289,"href":"https:\/\/mitjornmotorent.com\/fr\/wp-json\/wp\/v2\/pages\/15753\/revisions\/17289"}],"wp:attachment":[{"href":"https:\/\/mitjornmotorent.com\/fr\/wp-json\/wp\/v2\/media?parent=15753"}],"curies":[{"name":"wp","href":"https:\/\/api.w.org\/{rel}","templated":true}]}}