{"id":15723,"date":"2024-03-07T11:07:41","date_gmt":"2024-03-07T11:07:41","guid":{"rendered":"https:\/\/mitjorn.walaxia.cat\/?page_id=15723"},"modified":"2024-05-29T07:48:21","modified_gmt":"2024-05-29T07:48:21","slug":"politique-de-confidentialite","status":"publish","type":"page","link":"https:\/\/mitjornmotorent.com\/fr\/politique-de-confidentialite\/","title":{"rendered":"Politique de confidentialit\u00e9"},"content":{"rendered":"\t\t<div data-elementor-type=\"wp-page\" data-elementor-id=\"15723\" class=\"elementor elementor-15723 elementor-10263\" data-elementor-post-type=\"page\">\n\t\t\t\t<div class=\"elementor-element elementor-element-e7e486c e-con-full e-flex e-con e-parent\" data-id=\"e7e486c\" data-element_type=\"container\" data-e-type=\"container\">\n\t\t<div class=\"elementor-element elementor-element-31568cb e-flex e-con-boxed e-con e-child\" data-id=\"31568cb\" data-element_type=\"container\" data-e-type=\"container\" data-settings=\"{&quot;background_background&quot;:&quot;classic&quot;}\">\n\t\t\t\t\t<div class=\"e-con-inner\">\n\t\t\t\t<div class=\"elementor-element elementor-element-11a7018 elementor-widget elementor-widget-tripgo_elementor_header_banner\" data-id=\"11a7018\" data-element_type=\"widget\" data-e-type=\"widget\" data-widget_type=\"tripgo_elementor_header_banner.default\">\n\t\t\t\t<div class=\"elementor-widget-container\">\n\t\t\t\t\t\t\t \t<!-- Display when you choose background per Post -->\n\t\t \t<div class=\"wrap_header_banner  center \"  >\n\n\t\t \t\t\t\t\t \t\n\t\t\t\t \t<div class=\"cover_color\"><\/div>\n\n\t\t\t\t\t<div class=\"header_banner_el \">\n\t\t\t\t\t\t\n\t\t\t\t\t\t\t\t\t\t\t\t\t\n\t\t\t\t\t\t\t\n\t\t\t\t\t\t\t\t\t\t\t\t\t\t<h1 class=\" header_title\">\n\t\t\t\t\t\t\t\t\t\t\t\t\t\t\t<\/h1>\n\t\t\t\t\t\t\t\t\n\t\t\t\t\t\t\n\n\t\t\t\t\t\t\n\t\t\t\t\t<\/div>\n\n\t\t\t\t\n\t\t\t<\/div>\n\t\t\t\t\t\t<\/div>\n\t\t\t\t<\/div>\n\t\t\t\t<div class=\"elementor-element elementor-element-cb1aba1 elementor-widget elementor-widget-spacer\" data-id=\"cb1aba1\" data-element_type=\"widget\" data-e-type=\"widget\" id=\"motor-busqueda\" data-widget_type=\"spacer.default\">\n\t\t\t\t<div class=\"elementor-widget-container\">\n\t\t\t\t\t\t\t<div class=\"elementor-spacer\">\n\t\t\t<div class=\"elementor-spacer-inner\"><\/div>\n\t\t<\/div>\n\t\t\t\t\t\t<\/div>\n\t\t\t\t<\/div>\n\t\t\t\t\t<\/div>\n\t\t\t\t<\/div>\n\t\t\t\t<\/div>\n\t\t<div class=\"elementor-element elementor-element-0c83d54 e-flex e-con-boxed e-con e-parent\" data-id=\"0c83d54\" data-element_type=\"container\" data-e-type=\"container\">\n\t\t\t\t\t<div class=\"e-con-inner\">\n\t\t\t\t<div class=\"elementor-element elementor-element-02c0dea elementor-widget elementor-widget-shortcode\" data-id=\"02c0dea\" data-element_type=\"widget\" data-e-type=\"widget\" data-widget_type=\"shortcode.default\">\n\t\t\t\t<div class=\"elementor-widget-container\">\n\t\t\t\t\t\t\t<div class=\"elementor-shortcode\">\n<section class=\"mybooking mybooking-selector widget widget_mybooking_renting_engine_selector reservation-step  \">\n  <form\n    id=\"form-selector\"\n    class=\"mybooking-selector_form\"\n    name=\"widget_search_form\"\n    method=\"get\"\n    enctype=\"application\/x-www-form-urlencoded\">\n\n    \n    \n    \n    \n      <\/form>\n<\/section>\n<\/div>\n\t\t\t\t\t\t<\/div>\n\t\t\t\t<\/div>\n\t\t\t\t\t<\/div>\n\t\t\t\t<\/div>\n\t\t<div class=\"elementor-element elementor-element-0c29fd6 e-flex e-con-boxed e-con e-parent\" data-id=\"0c29fd6\" data-element_type=\"container\" data-e-type=\"container\">\n\t\t\t\t\t<div class=\"e-con-inner\">\n\t\t<div class=\"elementor-element elementor-element-cd87878 e-con-full e-flex e-con e-child\" data-id=\"cd87878\" data-element_type=\"container\" data-e-type=\"container\">\n\t\t\t\t<div class=\"elementor-element elementor-element-b6334ee texto-rojo espacio-description elementor-widget elementor-widget-tripgo_elementor_heading\" data-id=\"b6334ee\" data-element_type=\"widget\" data-e-type=\"widget\" data-widget_type=\"tripgo_elementor_heading.default\">\n\t\t\t\t<div class=\"elementor-widget-container\">\n\t\t\t\t\t\t\t<div class=\"ova-title\">\n\n\t\t\t\n\t\t\t\t\t\t\t\n\t\t\t\t\t<h2 class=\"title\">Clauses de consentement \u00e9clair\u00e9<\/h2>\n\t\t\t\t\t\t\t\n\t\t\t\n\t\t<\/div> \n\t\t \t\n\t\t\t\t\t\t<\/div>\n\t\t\t\t<\/div>\n\t\t\t\t<\/div>\n\t\t\t\t\t<\/div>\n\t\t\t\t<\/div>\n\t\t<div class=\"elementor-element elementor-element-c61801a e-flex e-con-boxed e-con e-parent\" data-id=\"c61801a\" data-element_type=\"container\" data-e-type=\"container\">\n\t\t\t\t\t<div class=\"e-con-inner\">\n\t\t\t\t<div class=\"elementor-element elementor-element-b88641b elementor-widget elementor-widget-text-editor\" data-id=\"b88641b\" data-element_type=\"widget\" data-e-type=\"widget\" data-widget_type=\"text-editor.default\">\n\t\t\t\t<div class=\"elementor-widget-container\">\n\t\t\t\t\t\t\t\t\t<p><span class=\"texto-rojo\">1.-<\/span> Dans l\u2019accomplissement de l\u2019obligation pr\u00e9vue \u00e0 l\u2019article 10 de la Loi 34\/2002, du 11 juillet, des services de la soci\u00e9t\u00e9 de l\u2019information et du commerce \u00e9lectronique, nous vous informons que le site Web www.mitjornmotorent.com est la propri\u00e9t\u00e9 de MOTO RENT MITJORN SL, sous la marque MOTO RENT MITJORN, avec CIF B-42820712 et l\u2019adresse du site Web sur Av. Mediterr\u00e0nia, 2 \u2013 Pl. Bj \u2013 Esc. A \u2013 Prta. 5, 07870, La Savina \u2013 Formentera (Illes Balears).<br \/><br \/><span class=\"texto-rojo\">2.-<\/span> MOTO RENT MITJORN garantit la protection de toutes les donn\u00e9es personnelles que l\u2019utilisateur fournit sur le site et, en conformit\u00e9 avec les dispositions de la loi organique 15\/1999, du 13 d\u00e9cembre de Protection des donn\u00e9es \u00e0 caract\u00e8re personnel, dans Royal D\u00e9cret 1720 \/ 2007 du 21 d\u00e9cembre et autres r\u00e8glements applicables<br \/><br \/><span class=\"texto-rojo\">3.-<\/span> La pr\u00e9sente politique sur la confidentialit\u00e9 et le traitement des donn\u00e9es peut varier en fonction des futurs changements l\u00e9gislatifs ou les crit\u00e8res de l\u2019Agence espagnole de protection des donn\u00e9es par lequel le fournisseur r\u00e9serve le droit d\u2019apporter les modifications qui ont \u00e9t\u00e9 n\u00e9cessaires pour s\u2019adapter \u00e0 ces changements et les respecter.<br \/><br \/><span class=\"texto-rojo\">4.-<\/span> Informer l\u2019utilisateur impliquant l\u2019envoi de donn\u00e9es personnelles par le biais des formulaires sur le site Web, courriel, ou par t\u00e9l\u00e9phone, accepter et accepte le traitement dans les termes indiqu\u00e9s dans la pr\u00e9sente politique vie priv\u00e9e. Informe \u00e9galement que le fournisseur est responsable du traitement, et que les donn\u00e9es fournies dans le formulaire de r\u00e9servation seront transf\u00e9r\u00e9es \u00e0 la banque si n\u00e9cessaire par le syst\u00e8me de paiement.<br \/><br \/><span class=\"texto-rojo\">5.-<\/span> Toutes les donn\u00e9es fournies par l\u2019utilisateur en envoyant un e-mail ou en remplissant des formulaires seront consid\u00e9r\u00e9es comme respectant la l\u00e9gislation en mati\u00e8re de de protection des donn\u00e9es \u00e0 caract\u00e8re personnel et dans tous les cas, ils auront le caract\u00e8re de confidentiel \u00e0 la MOTO RENT MITJORN personnel. Pas de ssjkakarot informe les utilisateurs que les r\u00e9actions soulev\u00e9es dans les formulaires sur le site Web sont volontaires dans la nature, bien que le refus de faciliter leur peut rendre impossible aux services qui en ont besoin. <br \/><br \/><span class=\"texto-rojo\">6.-<\/span> Pour fournir les donn\u00e9es par tous les moyens pr\u00e9sent dans le site Web le traitement d\u2019acapta utilisateur et l\u2019inclusion des donn\u00e9es qui seront incorpor\u00e9es \u00e0 un fichier avec les donn\u00e9es \u00e0 caract\u00e8re personnel qui sont d\u00fbment enregistr\u00e9es dans le registre de l\u2019Agence espagnole de protection des fichiers de donn\u00e9es et l\u2019utilisateur peut exercer ses droits de acc\u00e8s, opposition, rectification ou annulation des propres donn\u00e9es personnelles fournies, au moyen de communication directe au info@mitjornmotorent.com . Dans le cas o\u00f9, en tant qu\u2019un utilisateur ne souhaite pas recevoir d\u2019informations par courriel peuvent laisser une trace \u00e9crite de celui-ci dans la m\u00eame direction.<br \/><br \/><br \/><span class=\"texto-rojo\">7.-<\/span> MOTO RENT MITJORN conservera uniquement les coordonn\u00e9es fondamentales pour l\u2019utilisateur de ne pas les utiliser \u00e0 des fins autres que la fourniture des services annonc\u00e9s sur le site web s\u2019engage \u00e0 pas vendre, c\u00e9der ou louer, mettre en \u0153uvre les mesures de s\u00e9curit\u00e9 techniques et organisationnelles qui garantissent leur s\u00e9curit\u00e9. <br \/><br \/><span class=\"texto-rojo\">8.-<\/span> Le but du stockage et conservation des donn\u00e9es sont limit\u00e9es \u00e0 effectuer la maintenance et de gestion de la relation avec les utilisateurs, l\u2019information et la prestation des services offerts ou autre connexes sujets et \u00e9tudes statistiques sont les utilisateurs inform\u00e9s de la nature volontaire ou obligatoire de la collecte de donn\u00e9es.<br \/><br \/><span class=\"texto-rojo\">9.-<\/span> Promptement MOTO RENT MITJORN envoie un e-mail confirmant la cr\u00e9ation de votre compte pour l\u2019utilisateur, avisant les am\u00e9liorations ou annon\u00e7ant les nouveaux produits ou des offres qui sont collect\u00e9es sur le site web, mais l\u2019utilisateur peut appliquer pour basse en envoyant un courriel \u00e0 info@mitjornmotorent.com<br \/><br \/><span class=\"texto-rojo\">10.-<\/span> L\u2019utilisateur est responsable de l\u2019acc\u00e8s au site web et le traitement qui rend les informations et les donn\u00e9es incluses dans la m\u00eame et est donc oblig\u00e9 de l\u2019utiliser conform\u00e9ment \u00e0 la loi rendant raisonnable l\u2019utilisation des services et du contenu bas\u00e9 sur le principe de \u00eatre de bonne foi MOTO RENT MITJORN, exon\u00e9r\u00e9 de toute responsabilit\u00e9 pour une utilisation mal ou n\u00e9gligente du site par l\u2019utilisateur ou des tiers.<\/p>\t\t\t\t\t\t\t\t<\/div>\n\t\t\t\t<\/div>\n\t\t\t\t\t<\/div>\n\t\t\t\t<\/div>\n\t\t<div class=\"elementor-element elementor-element-6895952 e-flex e-con-boxed e-con e-parent\" data-id=\"6895952\" data-element_type=\"container\" data-e-type=\"container\">\n\t\t\t\t\t<div class=\"e-con-inner\">\n\t\t\t\t<div class=\"elementor-element elementor-element-f77f5d6 elementor-widget elementor-widget-spacer\" data-id=\"f77f5d6\" data-element_type=\"widget\" data-e-type=\"widget\" data-widget_type=\"spacer.default\">\n\t\t\t\t<div class=\"elementor-widget-container\">\n\t\t\t\t\t\t\t<div class=\"elementor-spacer\">\n\t\t\t<div class=\"elementor-spacer-inner\"><\/div>\n\t\t<\/div>\n\t\t\t\t\t\t<\/div>\n\t\t\t\t<\/div>\n\t\t\t\t\t<\/div>\n\t\t\t\t<\/div>\n\t\t\t\t<\/div>\n\t\t","protected":false},"excerpt":{"rendered":"<p>Clauses de consentement \u00e9clair\u00e9 1.- Dans l\u2019accomplissement de l\u2019obligation pr\u00e9vue \u00e0 l\u2019article 10 de la Loi 34\/2002, du 11 juillet, des services de la soci\u00e9t\u00e9 de l\u2019information et du commerce \u00e9lectronique, nous vous informons que le site Web www.mitjornmotorent.com est la propri\u00e9t\u00e9 de MOTO RENT MITJORN SL, sous la marque MOTO RENT MITJORN, avec CIF [&hellip;]<\/p>\n","protected":false},"author":1,"featured_media":0,"parent":0,"menu_order":0,"comment_status":"closed","ping_status":"closed","template":"elementor_header_footer","meta":{"_acf_changed":false,"footnotes":""},"class_list":["post-15723","page","type-page","status-publish","hentry"],"acf":[],"yoast_head":"<!-- This site is optimized with the Yoast SEO plugin v27.0 - https:\/\/yoast.com\/product\/yoast-seo-wordpress\/ -->\n<title>Politique de confidentialit\u00e9 - ALQUILER MOTOS, BICICLETAS Y COCHES FORMENTERA<\/title>\n<meta name=\"robots\" content=\"index, follow, max-snippet:-1, max-image-preview:large, max-video-preview:-1\" \/>\n<link rel=\"canonical\" href=\"https:\/\/mitjornmotorent.com\/fr\/politique-de-confidentialite\/\" \/>\n<meta property=\"og:locale\" content=\"fr_FR\" \/>\n<meta property=\"og:type\" content=\"article\" \/>\n<meta property=\"og:title\" content=\"Politique de confidentialit\u00e9 - ALQUILER MOTOS, BICICLETAS Y COCHES FORMENTERA\" \/>\n<meta property=\"og:description\" content=\"Clauses de consentement \u00e9clair\u00e9 1.- Dans l\u2019accomplissement de l\u2019obligation pr\u00e9vue \u00e0 l\u2019article 10 de la Loi 34\/2002, du 11 juillet, des services de la soci\u00e9t\u00e9 de l\u2019information et du commerce \u00e9lectronique, nous vous informons que le site Web www.mitjornmotorent.com est la propri\u00e9t\u00e9 de MOTO RENT MITJORN SL, sous la marque MOTO RENT MITJORN, avec CIF [&hellip;]\" \/>\n<meta property=\"og:url\" content=\"https:\/\/mitjornmotorent.com\/fr\/politique-de-confidentialite\/\" \/>\n<meta property=\"og:site_name\" content=\"ALQUILER MOTOS, BICICLETAS Y COCHES FORMENTERA\" \/>\n<meta property=\"article:modified_time\" content=\"2024-05-29T07:48:21+00:00\" \/>\n<meta name=\"twitter:card\" content=\"summary_large_image\" \/>\n<meta name=\"twitter:label1\" content=\"Dur\u00e9e de lecture estim\u00e9e\" \/>\n\t<meta name=\"twitter:data1\" content=\"4 minutes\" \/>\n<script type=\"application\/ld+json\" class=\"yoast-schema-graph\">{\"@context\":\"https:\/\/schema.org\",\"@graph\":[{\"@type\":\"WebPage\",\"@id\":\"https:\/\/mitjornmotorent.com\/fr\/politique-de-confidentialite\/\",\"url\":\"https:\/\/mitjornmotorent.com\/fr\/politique-de-confidentialite\/\",\"name\":\"Politique de confidentialit\u00e9 - ALQUILER MOTOS, BICICLETAS Y COCHES FORMENTERA\",\"isPartOf\":{\"@id\":\"https:\/\/mitjornmotorent.com\/fr\/#website\"},\"datePublished\":\"2024-03-07T11:07:41+00:00\",\"dateModified\":\"2024-05-29T07:48:21+00:00\",\"breadcrumb\":{\"@id\":\"https:\/\/mitjornmotorent.com\/fr\/politique-de-confidentialite\/#breadcrumb\"},\"inLanguage\":\"fr-FR\",\"potentialAction\":[{\"@type\":\"ReadAction\",\"target\":[\"https:\/\/mitjornmotorent.com\/fr\/politique-de-confidentialite\/\"]}]},{\"@type\":\"BreadcrumbList\",\"@id\":\"https:\/\/mitjornmotorent.com\/fr\/politique-de-confidentialite\/#breadcrumb\",\"itemListElement\":[{\"@type\":\"ListItem\",\"position\":1,\"name\":\"Portada\",\"item\":\"https:\/\/mitjornmotorent.com\/fr\/\"},{\"@type\":\"ListItem\",\"position\":2,\"name\":\"Politique de confidentialit\u00e9\"}]},{\"@type\":\"WebSite\",\"@id\":\"https:\/\/mitjornmotorent.com\/fr\/#website\",\"url\":\"https:\/\/mitjornmotorent.com\/fr\/\",\"name\":\"ALQUILER MOTOS, BICICLETAS Y COCHES FORMENTERA\",\"description\":\"N\u00ba1 MITJORN MotoRent\",\"potentialAction\":[{\"@type\":\"SearchAction\",\"target\":{\"@type\":\"EntryPoint\",\"urlTemplate\":\"https:\/\/mitjornmotorent.com\/fr\/?s={search_term_string}\"},\"query-input\":{\"@type\":\"PropertyValueSpecification\",\"valueRequired\":true,\"valueName\":\"search_term_string\"}}],\"inLanguage\":\"fr-FR\"}]}<\/script>\n<!-- \/ Yoast SEO plugin. -->","yoast_head_json":{"title":"Politique de confidentialit\u00e9 - ALQUILER MOTOS, BICICLETAS Y COCHES FORMENTERA","robots":{"index":"index","follow":"follow","max-snippet":"max-snippet:-1","max-image-preview":"max-image-preview:large","max-video-preview":"max-video-preview:-1"},"canonical":"https:\/\/mitjornmotorent.com\/fr\/politique-de-confidentialite\/","og_locale":"fr_FR","og_type":"article","og_title":"Politique de confidentialit\u00e9 - ALQUILER MOTOS, BICICLETAS Y COCHES FORMENTERA","og_description":"Clauses de consentement \u00e9clair\u00e9 1.- Dans l\u2019accomplissement de l\u2019obligation pr\u00e9vue \u00e0 l\u2019article 10 de la Loi 34\/2002, du 11 juillet, des services de la soci\u00e9t\u00e9 de l\u2019information et du commerce \u00e9lectronique, nous vous informons que le site Web www.mitjornmotorent.com est la propri\u00e9t\u00e9 de MOTO RENT MITJORN SL, sous la marque MOTO RENT MITJORN, avec CIF [&hellip;]","og_url":"https:\/\/mitjornmotorent.com\/fr\/politique-de-confidentialite\/","og_site_name":"ALQUILER MOTOS, BICICLETAS Y COCHES FORMENTERA","article_modified_time":"2024-05-29T07:48:21+00:00","twitter_card":"summary_large_image","twitter_misc":{"Dur\u00e9e de lecture estim\u00e9e":"4 minutes"},"schema":{"@context":"https:\/\/schema.org","@graph":[{"@type":"WebPage","@id":"https:\/\/mitjornmotorent.com\/fr\/politique-de-confidentialite\/","url":"https:\/\/mitjornmotorent.com\/fr\/politique-de-confidentialite\/","name":"Politique de confidentialit\u00e9 - ALQUILER MOTOS, BICICLETAS Y COCHES FORMENTERA","isPartOf":{"@id":"https:\/\/mitjornmotorent.com\/fr\/#website"},"datePublished":"2024-03-07T11:07:41+00:00","dateModified":"2024-05-29T07:48:21+00:00","breadcrumb":{"@id":"https:\/\/mitjornmotorent.com\/fr\/politique-de-confidentialite\/#breadcrumb"},"inLanguage":"fr-FR","potentialAction":[{"@type":"ReadAction","target":["https:\/\/mitjornmotorent.com\/fr\/politique-de-confidentialite\/"]}]},{"@type":"BreadcrumbList","@id":"https:\/\/mitjornmotorent.com\/fr\/politique-de-confidentialite\/#breadcrumb","itemListElement":[{"@type":"ListItem","position":1,"name":"Portada","item":"https:\/\/mitjornmotorent.com\/fr\/"},{"@type":"ListItem","position":2,"name":"Politique de confidentialit\u00e9"}]},{"@type":"WebSite","@id":"https:\/\/mitjornmotorent.com\/fr\/#website","url":"https:\/\/mitjornmotorent.com\/fr\/","name":"ALQUILER MOTOS, BICICLETAS Y COCHES FORMENTERA","description":"N\u00ba1 MITJORN MotoRent","potentialAction":[{"@type":"SearchAction","target":{"@type":"EntryPoint","urlTemplate":"https:\/\/mitjornmotorent.com\/fr\/?s={search_term_string}"},"query-input":{"@type":"PropertyValueSpecification","valueRequired":true,"valueName":"search_term_string"}}],"inLanguage":"fr-FR"}]}},"_links":{"self":[{"href":"https:\/\/mitjornmotorent.com\/fr\/wp-json\/wp\/v2\/pages\/15723","targetHints":{"allow":["GET"]}}],"collection":[{"href":"https:\/\/mitjornmotorent.com\/fr\/wp-json\/wp\/v2\/pages"}],"about":[{"href":"https:\/\/mitjornmotorent.com\/fr\/wp-json\/wp\/v2\/types\/page"}],"author":[{"embeddable":true,"href":"https:\/\/mitjornmotorent.com\/fr\/wp-json\/wp\/v2\/users\/1"}],"replies":[{"embeddable":true,"href":"https:\/\/mitjornmotorent.com\/fr\/wp-json\/wp\/v2\/comments?post=15723"}],"version-history":[{"count":14,"href":"https:\/\/mitjornmotorent.com\/fr\/wp-json\/wp\/v2\/pages\/15723\/revisions"}],"predecessor-version":[{"id":17277,"href":"https:\/\/mitjornmotorent.com\/fr\/wp-json\/wp\/v2\/pages\/15723\/revisions\/17277"}],"wp:attachment":[{"href":"https:\/\/mitjornmotorent.com\/fr\/wp-json\/wp\/v2\/media?parent=15723"}],"curies":[{"name":"wp","href":"https:\/\/api.w.org\/{rel}","templated":true}]}}