{"id":15699,"date":"2024-04-24T10:13:58","date_gmt":"2024-04-24T10:13:58","guid":{"rendered":"https:\/\/mitjorn.walaxia.cat\/?page_id=15699"},"modified":"2024-05-29T07:39:19","modified_gmt":"2024-05-29T07:39:19","slug":"mentions-legales","status":"publish","type":"page","link":"https:\/\/mitjornmotorent.com\/fr\/mentions-legales\/","title":{"rendered":"Mentions l\u00e9gales"},"content":{"rendered":"\t\t<div data-elementor-type=\"wp-page\" data-elementor-id=\"15699\" class=\"elementor elementor-15699 elementor-12680\" data-elementor-post-type=\"page\">\n\t\t\t\t<div class=\"elementor-element elementor-element-8afa2db e-con-full e-flex e-con e-parent\" data-id=\"8afa2db\" data-element_type=\"container\" data-e-type=\"container\">\n\t\t<div class=\"elementor-element elementor-element-6dc9429 e-flex e-con-boxed e-con e-child\" data-id=\"6dc9429\" data-element_type=\"container\" data-e-type=\"container\" data-settings=\"{&quot;background_background&quot;:&quot;classic&quot;}\">\n\t\t\t\t\t<div class=\"e-con-inner\">\n\t\t\t\t<div class=\"elementor-element elementor-element-474fb56 texto-blanco elementor-widget elementor-widget-tripgo_elementor_heading\" data-id=\"474fb56\" data-element_type=\"widget\" data-e-type=\"widget\" data-widget_type=\"tripgo_elementor_heading.default\">\n\t\t\t\t<div class=\"elementor-widget-container\">\n\t\t\t\t\t\t\t<div class=\"ova-title\">\n\n\t\t\t\n\t\t\t\t\t\t\t\n\t\t\t\t\t<h1 class=\"title\">Mentions l\u00e9gales<\/h1>\n\t\t\t\t\t\t\t\n\t\t\t\n\t\t<\/div> \n\t\t \t\n\t\t\t\t\t\t<\/div>\n\t\t\t\t<\/div>\n\t\t\t\t<div class=\"elementor-element elementor-element-ff222dd elementor-widget elementor-widget-spacer\" data-id=\"ff222dd\" data-element_type=\"widget\" data-e-type=\"widget\" id=\"motor-busqueda\" data-widget_type=\"spacer.default\">\n\t\t\t\t<div class=\"elementor-widget-container\">\n\t\t\t\t\t\t\t<div class=\"elementor-spacer\">\n\t\t\t<div class=\"elementor-spacer-inner\"><\/div>\n\t\t<\/div>\n\t\t\t\t\t\t<\/div>\n\t\t\t\t<\/div>\n\t\t\t\t\t<\/div>\n\t\t\t\t<\/div>\n\t\t\t\t<\/div>\n\t\t<div class=\"elementor-element elementor-element-b13e7f4 e-flex e-con-boxed e-con e-parent\" data-id=\"b13e7f4\" data-element_type=\"container\" data-e-type=\"container\">\n\t\t\t\t\t<div class=\"e-con-inner\">\n\t\t\t\t<div class=\"elementor-element elementor-element-0c769aa elementor-widget elementor-widget-shortcode\" data-id=\"0c769aa\" data-element_type=\"widget\" data-e-type=\"widget\" data-widget_type=\"shortcode.default\">\n\t\t\t\t<div class=\"elementor-widget-container\">\n\t\t\t\t\t\t\t<div class=\"elementor-shortcode\">\n<section class=\"mybooking mybooking-selector widget widget_mybooking_renting_engine_selector reservation-step  \">\n  <form\n    id=\"form-selector\"\n    class=\"mybooking-selector_form\"\n    name=\"widget_search_form\"\n    method=\"get\"\n    enctype=\"application\/x-www-form-urlencoded\">\n\n    \n    \n    \n    \n      <\/form>\n<\/section>\n<\/div>\n\t\t\t\t\t\t<\/div>\n\t\t\t\t<\/div>\n\t\t\t\t\t<\/div>\n\t\t\t\t<\/div>\n\t\t<div class=\"elementor-element elementor-element-58c1f6a e-flex e-con-boxed e-con e-parent\" data-id=\"58c1f6a\" data-element_type=\"container\" data-e-type=\"container\">\n\t\t\t\t\t<div class=\"e-con-inner\">\n\t\t<div class=\"elementor-element elementor-element-c206202 e-con-full e-flex e-con e-child\" data-id=\"c206202\" data-element_type=\"container\" data-e-type=\"container\">\n\t\t\t\t<div class=\"elementor-element elementor-element-27a6015 texto-rojo espacio-description elementor-widget elementor-widget-tripgo_elementor_heading\" data-id=\"27a6015\" data-element_type=\"widget\" data-e-type=\"widget\" data-widget_type=\"tripgo_elementor_heading.default\">\n\t\t\t\t<div class=\"elementor-widget-container\">\n\t\t\t\t\t\t\t<div class=\"ova-title\">\n\n\t\t\t\n\t\t\t\t\t\t\t\n\t\t\t\t\t<h2 class=\"title\">R\u00e8gles d\u2019utilisation de la site web<\/h2>\n\t\t\t\t\t\t\t\n\t\t\t\n\t\t<\/div> \n\t\t \t\n\t\t\t\t\t\t<\/div>\n\t\t\t\t<\/div>\n\t\t\t\t<\/div>\n\t\t\t\t\t<\/div>\n\t\t\t\t<\/div>\n\t\t<div class=\"elementor-element elementor-element-6ca43292 e-flex e-con-boxed e-con e-parent\" data-id=\"6ca43292\" data-element_type=\"container\" data-e-type=\"container\">\n\t\t\t\t\t<div class=\"e-con-inner\">\n\t\t\t\t<div class=\"elementor-element elementor-element-4c829073 elementor-widget elementor-widget-text-editor\" data-id=\"4c829073\" data-element_type=\"widget\" data-e-type=\"widget\" data-widget_type=\"text-editor.default\">\n\t\t\t\t<div class=\"elementor-widget-container\">\n\t\t\t\t\t\t\t\t\t<p>Le pr\u00eateur, qui est responsable de ce site Web, offre aux utilisateurs de ce document qui vise \u00e0 satisfaire aux obligations de la Loi 34\/2002, des services de la soci\u00e9t\u00e9 de l\u2019information et du commerce \u00e9lectronique (LSSI-CE), ainsi informer tous les utilisateurs sur les conditions d\u2019utilisation du site web :<br \/><br \/><span class=\"texto-rojo\">1.-<\/span> Le site web www.mitjornmotorent.com est la propri\u00e9t\u00e9 de MOTO RENT MITJORN SL, sous la marque MOTO RENT MITJORN, avec CIF B-42820712 et l\u2019adresse du site Web sur Av. Mediterr\u00e0nia, 2 \u2013 Pl. Bj \u2013 Esc. A \u2013 Prta. 5, 07870, La Savina \u2013 Formentera (Illes Balears).<br \/><br \/><span class=\"texto-rojo\">2.-<\/span> Toute personne qui acc\u00e8de \u00e0 ce site assume le r\u00f4le d\u2019utilisateur, compromettre le respect, l\u2019acceptation et le respect rigoureux ici arrang\u00e9, ainsi que toute autre disposition juridique qui s\u2019applique. <br \/><br \/><span class=\"texto-rojo\">3.-<\/span> L\u2019utilisateur s\u2019engage \u00e0 faire un usage correct du site web et les services offerts, avec la soumission totale \u00e0 la Loi, la morale et les pr\u00e9sentes conditions d\u2019utilisation \u00e9tant express\u00e9ment interdite toute utilisation de ce site web vise comme bien com ou tout impliquant dans aucune fa\u00e7on endommager, d\u00e9sactiver, surcharger, alt\u00e9rer ou entraver l\u2019utilisation normale du site par les utilisateurs.<br \/><br \/><span class=\"texto-rojo\">4.-<\/span> Pour l\u2019acc\u00e8s au site, l\u2019utilisateur doit avoir acc\u00e8s \u00e0 l\u2019Internet. Pour l\u2019acc\u00e8s correct, la visualisation et la mise en \u0153uvre de certains contenus et services du site web, l\u2019utilisateur peut avoir besoin de t\u00e9l\u00e9charger sur leur \u00e9quipement informatique certains programmes informatiques ou autres \u00e9l\u00e9ments logiques tels que mises \u00e0 jour, plugins, etc.. Cette installation est support\u00e9e par l\u2019utilisateur exclusivement, qui assumera tout risque de leur propre chef, le pr\u00eateur en baisse toute responsabilit\u00e9 qu\u2019il pourrait survenir.<br \/><br \/><span class=\"texto-rojo\">5.-<\/span> Il est formellement interdit que l\u2019utilisateur autoris\u00e9 tiers utilisation, totale ou partielle, du site web ou qui entrent et\/ou int\u00e9grer dans une activit\u00e9 propre des contenus et\/ou services incorpor\u00e9s. Est express\u00e9ment interdite, l\u2019utilisation ou l\u2019application de n\u2019importe quelle ressource technique, logique ou technologique en vertu de laquelle les utilisateurs peuvent b\u00e9n\u00e9ficier, directement ou indirectement, avec ou sans but lucratif, de l\u2019exploitation non autoris\u00e9e des contenus et\/ou services offert ou le site web lui-m\u00eame.<br \/><br \/><span class=\"texto-rojo\">6.-<\/span> L\u2019utilisateur s\u2019engage \u00e0 s\u2019abstenir d\u2019utiliser les contenus et services de quelque mani\u00e8re qui pourrait endommager, d\u00e9sactiver, surcharger ou compromettre le site Web ou emp\u00eacher l\u2019utilisation normale ou la jouissance du m\u00eame par d\u2019autres utilisateurs laissant strictement interdit \u00e0 l\u2019utilisateur d\u2019effectuer les actions visant \u00e0: recollect\u00e9 data pour pouvoir \u00e9mettre des communications publicitaires ou commerciales, envoyer tout autre message aux utilisateurs du site web, envoyer des cha\u00eenes de message \u00e9lectronique, utilisation des listes de distribution qui sont accessibles via le site Web pour la mise en \u0153uvre des activit\u00e9s vis\u00e9es \u00e0 l\u2019alin\u00e9as pr\u00e9c\u00e9dents et mis \u00e0 la disposition de tiers, pour n\u2019importe quel but, donn\u00e9es obtenues \u00e0 partir du site web.<br \/><br \/><span class=\"texto-rojo\">7.-<\/span> Le fournisseur n\u2019est pas responsable de l\u2019utilisation abusive qui est faite du contenu de son site web, \u00e9tant la seule responsabilit\u00e9 de la personne qui acc\u00e8de ou utilise-les.<br \/><br \/><span class=\"texto-rojo\">8.-<\/span> Le site web www.mitjornmotorent.com fournit des informations sur les activit\u00e9s men\u00e9es, les produits commercialis\u00e9s et les services fournis, qui devrait \u00eatre examin\u00e9 le m\u00eame caract\u00e8re information et publicit\u00e9 \u00e9tant disponibles pour l\u2019utilisateur dans le mail de contact info@mitjornmotorent.com ou par t\u00e9l\u00e9phone 971 32 23 06 \u00e0 \u00e9largir ces informations et \u00e0 r\u00e9soudre tout doute.<br \/><br \/><span class=\"texto-rojo\">9.-<\/span> Pour l\u2019acc\u00e8s \u00e0 certains services le fournisseur va demander des donn\u00e9es personnelles des utilisateurs. Dans ces cas, l\u2019utilisateur doit fournir les renseignements demand\u00e9s, de fournir des donn\u00e9es v\u00e9ridiques, exactes et complets concernant leur identit\u00e9 et leur engagement de mettre \u00e0 jour les donn\u00e9es d\u2019inscription afin qu\u2019elles continuent d\u2019\u00eatre v\u00e9ridiques, exacts et complets.<br \/><br \/>Si l\u2019utilisateur de fournir des donn\u00e9es fausses, inexactes ou incompl\u00e8tes, ou si le fournisseur a des motifs suffisants de soup\u00e7onner que ces informations seraient totalement ou partiellement faux, inexacts, incomplets ou contraire \u00e0 la loi ou les exigences de la morale et de bonne Douanes g\u00e9n\u00e9ralement accept\u00e9e, le propri\u00e9taire de ce site web doit \u00eatre habilit\u00e9 \u00e0 annuler l\u2019enregistrement et refuser l\u2019acc\u00e8s et l\u2019utilisation, pr\u00e9sents ou futurs, du site web ou des contenus et\/ou services incorpor\u00e9s.<br \/><br \/><span class=\"texto-rojo\">10.-<\/span> Le prestataire r\u00e9serve le droit de changer, modifier, ajouter ou supprimer \u00e0 tout moment et sans avis partie de ces conditions et apporter des modifications dans le contenu du site web technique, informatique, des raisons juridiques ou commerciaux sans ces circonstances donnent droit \u00e0 l\u2019utilisateur de percevoir aucune indemnit\u00e9.<br \/><br \/>Il a \u00e9t\u00e9 le fournisseur est exon\u00e9r\u00e9 et n\u2019assume donc aucune responsabilit\u00e9 pour les dommages de toute nature qui pourrait \u00eatre d\u00fb \u00e0 des interf\u00e9rences, omissions, interruptions, virus informatiques, pannes t\u00e9l\u00e9phoniques ou d\u00e9connexions dans le fonctionnement de ce site web, motiv\u00e9s par des raisons de force majeure ; pour les retards ou blocages dans l\u2019utilisation de ce site Web caus\u00e9e par des carences ou surcharges dans son centre de traitement des donn\u00e9es, des lignes, dans le syst\u00e8me Internet ou d\u2019autres syst\u00e8mes \u00e9lectroniques ; ni des dommages-int\u00e9r\u00eats qui peuvent \u00eatre caus\u00e9es par tiers par le biais des intromissions ill\u00e9gitimes hors du contr\u00f4le du fournisseur.<br \/><br \/><span class=\"texto-rojo\">11.-<\/span> Le fournisseur n\u2019est pas responsable de tous les \u00e9carts possibles qui peuvent survenir entre la version de ses documents imprim\u00e9s et la version \u00e9lectronique du m\u00eame publi\u00e9 sur son site web. <br \/><br \/><span class=\"texto-rojo\">12.-<\/span> Tout le contenu (textes, images, logos, photographies, informations, publicit\u00e9s, marques) et les \u00e9l\u00e9ments graphiques (design, photos, logos, marques, code source et autres analogues) constituant le site web ainsi que la pr\u00e9sentation ou l\u2019assemblage, sont assujettis aux droits Propri\u00e9t\u00e9 industrielle et intellectuelle et sont la propri\u00e9t\u00e9 du fournisseur \u00e0 l\u2019exception de celles qui sont d\u00e9tenues par des soci\u00e9t\u00e9s tierces qui font \u00e9galement l\u2019objet des m\u00eames droits de propri\u00e9t\u00e9 industrielle et intellectuelle.<br \/><br \/><span class=\"texto-rojo\">13.-<\/span> Le fournisseur a inclus sur son site web des r\u00e9f\u00e9rences aux entreprises et aux liens (links) avec informative, \u00e0 moins que dans tous les cas elle suppose que la suggestion, une invitation ou recommandation \u00e0 leur sujet, sans avoir le contr\u00f4le sur eux et, suppose donc, no responsabilit\u00e9 pour les informations contenues dans les sites Web de tiers qui sont accessibles par le biais de liens (links).<br \/><br \/><span class=\"texto-rojo\">14.-<\/span> Le fournisseur r\u00e9serve l\u2019exercice des actions judiciaires, civiles ou p\u00e9nales contre les personnes physiques ou morales et leurs repr\u00e9sentants qui enfreignent les dispositions des pr\u00e9sentes conditions g\u00e9n\u00e9rales.<br \/><br \/><span class=\"texto-rojo\">15.-<\/span> Site web www.mitjornmotorent.com est r\u00e9gie et soumise \u00e0 la loi espagnole et rel\u00e8ve de la comp\u00e9tence des juges et tribunaux espagnols. Tout diff\u00e9rend, conflit ou r\u00e9clamation pouvant survenir en ce qui concerne le respect des conditions d\u2019utilisation du site web et les services qu\u2019il contient est r\u00e9solue par les juges et les tribunaux qui d\u00e9terminent la loi applicable. <br \/><br \/><span class=\"texto-rojo\">16.-<\/span> Le fournisseur garantit la confidentialit\u00e9 des donn\u00e9es personnelles fournies par les utilisateurs et leur traitement automatis\u00e9 conform\u00e9ment \u00e0 la Loi sur la protection des donn\u00e9es \u00e0 caract\u00e8re personnel et la clause de protection des donn\u00e9es adoptant cette mesures techniques et organisationnelles afin d\u2019\u00e9viter la perte, la mauvaise utilisation, la modification et l\u2019acc\u00e8s non autoris\u00e9, compte tenu de l\u2019\u00e9tat de la technologie, la nature des donn\u00e9es et les risques auxquels ils sont expos\u00e9s.<br \/><br \/><span class=\"texto-rojo\">Clause de protection des donn\u00e9es<\/span><br \/>Acc\u00e8s \u00e0 certaines des activit\u00e9s, produits et services offerts par le site web www.mitjornmotorent.com peut exiger de l\u2019utilisateur de fournir certaines donn\u00e9es \u00e0 caract\u00e8re personnel. Conform\u00e9ment \u00e0 la loi organique 15\/1999, du 13 d\u00e9cembre, de protection du caract\u00e8re personnel des donn\u00e9es, communique que ces donn\u00e9es personnelles seront incorpor\u00e9es \u00e0 fichier donn\u00e9es \u00e0 caract\u00e8re personnel qui est d\u00fbment enregistr\u00e9e dans l\u2019Enregistrer les fichiers de l\u2019Agence de protection de donn\u00e9es espagnoles et dont le but est de faciliter la gestion des march\u00e9s de services et informations sur les produits offerts. Le fournisseur peut \u00e9galement utiliser les donn\u00e9es personnelles fournies pour la r\u00e9mission p\u00e9riodique par des moyens \u00e9lectroniques des renseignements au sujet des offres, des promotions ou des nouveaux produits ou services. Le fournisseur ne fournira \u00e0 des tiers les donn\u00e9es personnelles fournies par ses utilisateurs. L\u2019utilisateur peut exercer ses droits d\u2019acc\u00e8s, opposition, rectification ou annulation des propres donn\u00e9es personnelles fournies, au moyen de communication directe au info@mitjornmotorent.com <\/p>\t\t\t\t\t\t\t\t<\/div>\n\t\t\t\t<\/div>\n\t\t\t\t\t<\/div>\n\t\t\t\t<\/div>\n\t\t<div class=\"elementor-element elementor-element-cfaa37f e-flex e-con-boxed e-con e-parent\" data-id=\"cfaa37f\" data-element_type=\"container\" data-e-type=\"container\">\n\t\t\t\t\t<div class=\"e-con-inner\">\n\t\t\t\t<div class=\"elementor-element elementor-element-efd636f elementor-widget elementor-widget-spacer\" data-id=\"efd636f\" data-element_type=\"widget\" data-e-type=\"widget\" data-widget_type=\"spacer.default\">\n\t\t\t\t<div class=\"elementor-widget-container\">\n\t\t\t\t\t\t\t<div class=\"elementor-spacer\">\n\t\t\t<div class=\"elementor-spacer-inner\"><\/div>\n\t\t<\/div>\n\t\t\t\t\t\t<\/div>\n\t\t\t\t<\/div>\n\t\t\t\t\t<\/div>\n\t\t\t\t<\/div>\n\t\t\t\t<\/div>\n\t\t","protected":false},"excerpt":{"rendered":"<p>Mentions l\u00e9gales R\u00e8gles d\u2019utilisation de la site web Le pr\u00eateur, qui est responsable de ce site Web, offre aux utilisateurs de ce document qui vise \u00e0 satisfaire aux obligations de la Loi 34\/2002, des services de la soci\u00e9t\u00e9 de l\u2019information et du commerce \u00e9lectronique (LSSI-CE), ainsi informer tous les utilisateurs sur les conditions d\u2019utilisation du [&hellip;]<\/p>\n","protected":false},"author":1,"featured_media":0,"parent":0,"menu_order":0,"comment_status":"closed","ping_status":"closed","template":"elementor_header_footer","meta":{"_acf_changed":false,"footnotes":""},"class_list":["post-15699","page","type-page","status-publish","hentry"],"acf":[],"yoast_head":"<!-- This site is optimized with the Yoast SEO plugin v27.0 - https:\/\/yoast.com\/product\/yoast-seo-wordpress\/ -->\n<title>Mentions l\u00e9gales - ALQUILER MOTOS, BICICLETAS Y COCHES FORMENTERA<\/title>\n<meta name=\"robots\" content=\"index, follow, max-snippet:-1, max-image-preview:large, max-video-preview:-1\" \/>\n<link rel=\"canonical\" href=\"https:\/\/mitjornmotorent.com\/fr\/mentions-legales\/\" \/>\n<meta property=\"og:locale\" content=\"fr_FR\" \/>\n<meta property=\"og:type\" content=\"article\" \/>\n<meta property=\"og:title\" content=\"Mentions l\u00e9gales - ALQUILER MOTOS, BICICLETAS Y COCHES FORMENTERA\" \/>\n<meta property=\"og:description\" content=\"Mentions l\u00e9gales R\u00e8gles d\u2019utilisation de la site web Le pr\u00eateur, qui est responsable de ce site Web, offre aux utilisateurs de ce document qui vise \u00e0 satisfaire aux obligations de la Loi 34\/2002, des services de la soci\u00e9t\u00e9 de l\u2019information et du commerce \u00e9lectronique (LSSI-CE), ainsi informer tous les utilisateurs sur les conditions d\u2019utilisation du [&hellip;]\" \/>\n<meta property=\"og:url\" content=\"https:\/\/mitjornmotorent.com\/fr\/mentions-legales\/\" \/>\n<meta property=\"og:site_name\" content=\"ALQUILER MOTOS, BICICLETAS Y COCHES FORMENTERA\" \/>\n<meta property=\"article:modified_time\" content=\"2024-05-29T07:39:19+00:00\" \/>\n<meta name=\"twitter:card\" content=\"summary_large_image\" \/>\n<meta name=\"twitter:label1\" content=\"Dur\u00e9e de lecture estim\u00e9e\" \/>\n\t<meta name=\"twitter:data1\" content=\"7 minutes\" \/>\n<script type=\"application\/ld+json\" class=\"yoast-schema-graph\">{\"@context\":\"https:\/\/schema.org\",\"@graph\":[{\"@type\":\"WebPage\",\"@id\":\"https:\/\/mitjornmotorent.com\/fr\/mentions-legales\/\",\"url\":\"https:\/\/mitjornmotorent.com\/fr\/mentions-legales\/\",\"name\":\"Mentions l\u00e9gales - ALQUILER MOTOS, BICICLETAS Y COCHES FORMENTERA\",\"isPartOf\":{\"@id\":\"https:\/\/mitjornmotorent.com\/fr\/#website\"},\"datePublished\":\"2024-04-24T10:13:58+00:00\",\"dateModified\":\"2024-05-29T07:39:19+00:00\",\"breadcrumb\":{\"@id\":\"https:\/\/mitjornmotorent.com\/fr\/mentions-legales\/#breadcrumb\"},\"inLanguage\":\"fr-FR\",\"potentialAction\":[{\"@type\":\"ReadAction\",\"target\":[\"https:\/\/mitjornmotorent.com\/fr\/mentions-legales\/\"]}]},{\"@type\":\"BreadcrumbList\",\"@id\":\"https:\/\/mitjornmotorent.com\/fr\/mentions-legales\/#breadcrumb\",\"itemListElement\":[{\"@type\":\"ListItem\",\"position\":1,\"name\":\"Portada\",\"item\":\"https:\/\/mitjornmotorent.com\/fr\/\"},{\"@type\":\"ListItem\",\"position\":2,\"name\":\"Mentions l\u00e9gales\"}]},{\"@type\":\"WebSite\",\"@id\":\"https:\/\/mitjornmotorent.com\/fr\/#website\",\"url\":\"https:\/\/mitjornmotorent.com\/fr\/\",\"name\":\"ALQUILER MOTOS, BICICLETAS Y COCHES FORMENTERA\",\"description\":\"N\u00ba1 MITJORN MotoRent\",\"potentialAction\":[{\"@type\":\"SearchAction\",\"target\":{\"@type\":\"EntryPoint\",\"urlTemplate\":\"https:\/\/mitjornmotorent.com\/fr\/?s={search_term_string}\"},\"query-input\":{\"@type\":\"PropertyValueSpecification\",\"valueRequired\":true,\"valueName\":\"search_term_string\"}}],\"inLanguage\":\"fr-FR\"}]}<\/script>\n<!-- \/ Yoast SEO plugin. -->","yoast_head_json":{"title":"Mentions l\u00e9gales - ALQUILER MOTOS, BICICLETAS Y COCHES FORMENTERA","robots":{"index":"index","follow":"follow","max-snippet":"max-snippet:-1","max-image-preview":"max-image-preview:large","max-video-preview":"max-video-preview:-1"},"canonical":"https:\/\/mitjornmotorent.com\/fr\/mentions-legales\/","og_locale":"fr_FR","og_type":"article","og_title":"Mentions l\u00e9gales - ALQUILER MOTOS, BICICLETAS Y COCHES FORMENTERA","og_description":"Mentions l\u00e9gales R\u00e8gles d\u2019utilisation de la site web Le pr\u00eateur, qui est responsable de ce site Web, offre aux utilisateurs de ce document qui vise \u00e0 satisfaire aux obligations de la Loi 34\/2002, des services de la soci\u00e9t\u00e9 de l\u2019information et du commerce \u00e9lectronique (LSSI-CE), ainsi informer tous les utilisateurs sur les conditions d\u2019utilisation du [&hellip;]","og_url":"https:\/\/mitjornmotorent.com\/fr\/mentions-legales\/","og_site_name":"ALQUILER MOTOS, BICICLETAS Y COCHES FORMENTERA","article_modified_time":"2024-05-29T07:39:19+00:00","twitter_card":"summary_large_image","twitter_misc":{"Dur\u00e9e de lecture estim\u00e9e":"7 minutes"},"schema":{"@context":"https:\/\/schema.org","@graph":[{"@type":"WebPage","@id":"https:\/\/mitjornmotorent.com\/fr\/mentions-legales\/","url":"https:\/\/mitjornmotorent.com\/fr\/mentions-legales\/","name":"Mentions l\u00e9gales - ALQUILER MOTOS, BICICLETAS Y COCHES FORMENTERA","isPartOf":{"@id":"https:\/\/mitjornmotorent.com\/fr\/#website"},"datePublished":"2024-04-24T10:13:58+00:00","dateModified":"2024-05-29T07:39:19+00:00","breadcrumb":{"@id":"https:\/\/mitjornmotorent.com\/fr\/mentions-legales\/#breadcrumb"},"inLanguage":"fr-FR","potentialAction":[{"@type":"ReadAction","target":["https:\/\/mitjornmotorent.com\/fr\/mentions-legales\/"]}]},{"@type":"BreadcrumbList","@id":"https:\/\/mitjornmotorent.com\/fr\/mentions-legales\/#breadcrumb","itemListElement":[{"@type":"ListItem","position":1,"name":"Portada","item":"https:\/\/mitjornmotorent.com\/fr\/"},{"@type":"ListItem","position":2,"name":"Mentions l\u00e9gales"}]},{"@type":"WebSite","@id":"https:\/\/mitjornmotorent.com\/fr\/#website","url":"https:\/\/mitjornmotorent.com\/fr\/","name":"ALQUILER MOTOS, BICICLETAS Y COCHES FORMENTERA","description":"N\u00ba1 MITJORN MotoRent","potentialAction":[{"@type":"SearchAction","target":{"@type":"EntryPoint","urlTemplate":"https:\/\/mitjornmotorent.com\/fr\/?s={search_term_string}"},"query-input":{"@type":"PropertyValueSpecification","valueRequired":true,"valueName":"search_term_string"}}],"inLanguage":"fr-FR"}]}},"_links":{"self":[{"href":"https:\/\/mitjornmotorent.com\/fr\/wp-json\/wp\/v2\/pages\/15699","targetHints":{"allow":["GET"]}}],"collection":[{"href":"https:\/\/mitjornmotorent.com\/fr\/wp-json\/wp\/v2\/pages"}],"about":[{"href":"https:\/\/mitjornmotorent.com\/fr\/wp-json\/wp\/v2\/types\/page"}],"author":[{"embeddable":true,"href":"https:\/\/mitjornmotorent.com\/fr\/wp-json\/wp\/v2\/users\/1"}],"replies":[{"embeddable":true,"href":"https:\/\/mitjornmotorent.com\/fr\/wp-json\/wp\/v2\/comments?post=15699"}],"version-history":[{"count":14,"href":"https:\/\/mitjornmotorent.com\/fr\/wp-json\/wp\/v2\/pages\/15699\/revisions"}],"predecessor-version":[{"id":17258,"href":"https:\/\/mitjornmotorent.com\/fr\/wp-json\/wp\/v2\/pages\/15699\/revisions\/17258"}],"wp:attachment":[{"href":"https:\/\/mitjornmotorent.com\/fr\/wp-json\/wp\/v2\/media?parent=15699"}],"curies":[{"name":"wp","href":"https:\/\/api.w.org\/{rel}","templated":true}]}}