{"id":15754,"date":"2024-03-07T11:07:32","date_gmt":"2024-03-07T11:07:32","guid":{"rendered":"https:\/\/mitjorn.walaxia.cat\/?page_id=15754"},"modified":"2024-05-29T07:56:47","modified_gmt":"2024-05-29T07:56:47","slug":"cookies","status":"publish","type":"page","link":"https:\/\/mitjornmotorent.com\/de\/cookies\/","title":{"rendered":"Cookies"},"content":{"rendered":"\t\t<div data-elementor-type=\"wp-page\" data-elementor-id=\"15754\" class=\"elementor elementor-15754 elementor-10264\" data-elementor-post-type=\"page\">\n\t\t\t\t<div class=\"elementor-element elementor-element-ae2ace5 e-con-full e-flex e-con e-parent\" data-id=\"ae2ace5\" data-element_type=\"container\" data-e-type=\"container\">\n\t\t<div class=\"elementor-element elementor-element-0d06653 e-flex e-con-boxed e-con e-child\" data-id=\"0d06653\" data-element_type=\"container\" data-e-type=\"container\" data-settings=\"{&quot;background_background&quot;:&quot;classic&quot;}\">\n\t\t\t\t\t<div class=\"e-con-inner\">\n\t\t\t\t<div class=\"elementor-element elementor-element-b8a8543 elementor-widget elementor-widget-tripgo_elementor_header_banner\" data-id=\"b8a8543\" data-element_type=\"widget\" data-e-type=\"widget\" data-widget_type=\"tripgo_elementor_header_banner.default\">\n\t\t\t\t<div class=\"elementor-widget-container\">\n\t\t\t\t\t\t\t \t<!-- Display when you choose background per Post -->\n\t\t \t<div class=\"wrap_header_banner  center \"  >\n\n\t\t \t\t\t\t\t \t\n\t\t\t\t \t<div class=\"cover_color\"><\/div>\n\n\t\t\t\t\t<div class=\"header_banner_el \">\n\t\t\t\t\t\t\n\t\t\t\t\t\t\t\t\t\t\t\t\t\n\t\t\t\t\t\t\t\n\t\t\t\t\t\t\t\t\t\t\t\t\t\t<h1 class=\" header_title\">\n\t\t\t\t\t\t\t\t\t\t\t\t\t\t\t<\/h1>\n\t\t\t\t\t\t\t\t\n\t\t\t\t\t\t\n\n\t\t\t\t\t\t\n\t\t\t\t\t<\/div>\n\n\t\t\t\t\n\t\t\t<\/div>\n\t\t\t\t\t\t<\/div>\n\t\t\t\t<\/div>\n\t\t\t\t<div class=\"elementor-element elementor-element-b4db0b6 elementor-widget elementor-widget-spacer\" data-id=\"b4db0b6\" data-element_type=\"widget\" data-e-type=\"widget\" id=\"motor-busqueda\" data-widget_type=\"spacer.default\">\n\t\t\t\t<div class=\"elementor-widget-container\">\n\t\t\t\t\t\t\t<div class=\"elementor-spacer\">\n\t\t\t<div class=\"elementor-spacer-inner\"><\/div>\n\t\t<\/div>\n\t\t\t\t\t\t<\/div>\n\t\t\t\t<\/div>\n\t\t\t\t\t<\/div>\n\t\t\t\t<\/div>\n\t\t\t\t<\/div>\n\t\t<div class=\"elementor-element elementor-element-24bf918 e-flex e-con-boxed e-con e-parent\" data-id=\"24bf918\" data-element_type=\"container\" data-e-type=\"container\">\n\t\t\t\t\t<div class=\"e-con-inner\">\n\t\t\t\t<div class=\"elementor-element elementor-element-d746041 elementor-widget elementor-widget-shortcode\" data-id=\"d746041\" data-element_type=\"widget\" data-e-type=\"widget\" data-widget_type=\"shortcode.default\">\n\t\t\t\t<div class=\"elementor-widget-container\">\n\t\t\t\t\t\t\t<div class=\"elementor-shortcode\">\n<section class=\"mybooking mybooking-selector widget widget_mybooking_renting_engine_selector reservation-step  \">\n  <form\n    id=\"form-selector\"\n    class=\"mybooking-selector_form\"\n    name=\"widget_search_form\"\n    method=\"get\"\n    enctype=\"application\/x-www-form-urlencoded\">\n\n    \n    \n    \n    \n      <\/form>\n<\/section>\n<\/div>\n\t\t\t\t\t\t<\/div>\n\t\t\t\t<\/div>\n\t\t\t\t\t<\/div>\n\t\t\t\t<\/div>\n\t\t<div class=\"elementor-element elementor-element-4dd5b93 e-flex e-con-boxed e-con e-parent\" data-id=\"4dd5b93\" data-element_type=\"container\" data-e-type=\"container\">\n\t\t\t\t\t<div class=\"e-con-inner\">\n\t\t<div class=\"elementor-element elementor-element-4559bc5 e-con-full e-flex e-con e-child\" data-id=\"4559bc5\" data-element_type=\"container\" data-e-type=\"container\">\n\t\t\t\t<div class=\"elementor-element elementor-element-1232603 texto-rojo espacio-description elementor-widget elementor-widget-tripgo_elementor_heading\" data-id=\"1232603\" data-element_type=\"widget\" data-e-type=\"widget\" data-widget_type=\"tripgo_elementor_heading.default\">\n\t\t\t\t<div class=\"elementor-widget-container\">\n\t\t\t\t\t\t\t<div class=\"ova-title\">\n\n\t\t\t\n\t\t\t\t\t\t\t\n\t\t\t\t\t<h2 class=\"title\">Cookie-Richtlinie<\/h2>\n\t\t\t\t\t\t\t\n\t\t\t\n\t\t<\/div> \n\t\t \t\n\t\t\t\t\t\t<\/div>\n\t\t\t\t<\/div>\n\t\t\t\t<\/div>\n\t\t\t\t\t<\/div>\n\t\t\t\t<\/div>\n\t\t<div class=\"elementor-element elementor-element-4da35de e-flex e-con-boxed e-con e-parent\" data-id=\"4da35de\" data-element_type=\"container\" data-e-type=\"container\">\n\t\t\t\t\t<div class=\"e-con-inner\">\n\t\t\t\t<div class=\"elementor-element elementor-element-4aef9f5 elementor-widget elementor-widget-text-editor\" data-id=\"4aef9f5\" data-element_type=\"widget\" data-e-type=\"widget\" data-widget_type=\"text-editor.default\">\n\t\t\t\t<div class=\"elementor-widget-container\">\n\t\t\t\t\t\t\t\t\t<p>MOTO RENT MITJORN verwendet Cookies zur Verbesserung der Benutzerfreundlichkeit und einfache Navigation zur Verbesserung der Qualit\u00e4t des Dienstes, und als Inhaber der website dass Sie zu Besuch sind, detailliert in diesem Abschnitt als Cookie-Politik es soll einer klare Informationen in den Cookies, die auf Ihrer Webseite verwendet werden.<br \/><br \/><span class=\"texto-rojo\">Was ist ein cookie?<\/span><\/p><p>Ein Cookie ist eine Datei, die heruntergeladen und gespeichert werden auf dem Computer oder Ger\u00e4t des Benutzers Zugriff auf bestimmte Web-Seiten und dient zum Speichern und Abrufen von Informationen \u00fcber die Navigation zu erleichtern und die Bereitstellung von interaktiven Diensten ohne seine Verwendung ist in jedem Fall sch\u00e4dlich oder sch\u00e4dlich f\u00fcr Ihren Computer oder Ihr Ger\u00e4t.<\/p><p>\u00a0<\/p><p><span class=\"texto-rojo\">Welche Arten von Cookies sind?<\/span><\/p><p><br \/>&#8211; Abh\u00e4ngig ist, die die Entit\u00e4t, die das Senden von Cookies verwaltet:<\/p><ul><li>Eigene Cookies, sind diejenigen, die von einem Computer oder die Dom\u00e4ne, die von den eigenen Editor verwaltet und von was es vom Benutzer angeforderten Dienst bietet das Endger\u00e4t des Benutzers gesendet werden.<\/li><li>Third-Party-Cookies, sind diejenigen, die das Endger\u00e4t des Benutzers von einem Computer gesendet werden oder Dom\u00e4ne wird nicht verwaltet, durch den Verlag, sondern von einem anderen Unternehmen, das \u00fcber Cookies erhaltenen Informationen behandelt.<\/li><\/ul><p>&#8211; Je nach den zeitlichen Rahmen, die aktiv bleiben:<\/p><ul><li>Session-Cookies dienen zur Erfassung und Speicherung von Daten, w\u00e4hrend der Benutzer auf eine Webseite zugreift.<\/li><li>Persistente Cookies: sind entworfen, um in das Terminal, die Zugang zu ihnen gespeicherten Daten verantwortlich f\u00fcr Cookies auf unbestimmte Zeit zu halten.<\/li><\/ul><p>&#8211; Je nach Verwendungszweck:<\/p><ul><li>Cookies unbedingt notwendig oder funktional f\u00fcr die Erbringung bestimmter Dienstleistungen ausdr\u00fccklich vom Benutzer angeforderten und dienen f\u00fcr eine korrekte Navigation und um sicherzustellen, dass der Inhalt einer Webseite effizient geladen ist.<\/li><li>Analyse-Cookies, Tracking und Erhebung von statistischen Daten der Aktivit\u00e4t, um den besten Service f\u00fcr den Benutzer zu gew\u00e4hrleisten.<\/li><li>Werbe-Cookies f\u00fcr die Verwaltung von Werbefl\u00e4chen auf der Grundlage von Kriterien wie der H\u00e4ufigkeit, in der die Anzeigen angezeigt werden.<\/li><\/ul><p><span class=\"texto-rojo\">Wann kann ich gebe meine Einwilingung in die Verwendung von Cookies?<\/span><br \/><br \/>Wenn Sie als Nutzer Zugang zu unserer Webseite und gewarnt werden, bevor Sie, Navigation \u00fcber die Verwendung von Cookies beginnen bedeutet dies, dass Sie &#8222;akzeptieren&#8220;. Es bietet auch Ihre Zustimmung, wenn Sie das Info-Fenster zu schlie\u00dfen und mit der Suche fortzufahren, oder beim Ausf\u00fchren von Aktionen innerhalb der Website, bei denen eine stillschweigende Zustimmung.<br \/><br \/><span class=\"texto-rojo\">Cookie-Management:<\/span><br \/>Der Benutzer kann jeder Zeit widerrufen zu beschr\u00e4nken, zu sperren, oder zu l\u00f6schen den Betrieb von Cookies von dieser Website durch die Konfiguration Ihres Browsers auf die Hilfe dieser Funktion durch den Besuch der folgenden Links:<br \/><br \/>&#8211; Chrome,\u00a0<a class=\"texto-rojo\" href=\"http:\/\/support.google.com\/chrome\/bin\/answer.py?hl=es&amp;answer=95647\" target=\"_blank\" rel=\"noopener\">http:\/\/support.google.com\/chrome\/bin\/answer.py?hl=es&amp;answer=95647<\/a><br \/><br \/>&#8211; Explorer, <a class=\"texto-rojo\" href=\"http:\/\/windows.microsoft.com\/es-es\/windows7\/how-to-manage-cookies-in- internet-explorer-9\" target=\"_blank\" rel=\"noopener\">http:\/\/windows.microsoft.com\/es-es\/windows7\/how-to-manage-cookies-in-<br \/>internet-explorer-9<\/a><br \/><br \/>&#8211; Firefox, <a class=\"texto-rojo\" href=\"http:\/\/support.mozilla.org\/es\/kb\/habilitar-y-deshabilitar-cookies-que-los- sitios-we\" target=\"_blank\" rel=\"noopener\">http:\/\/support.mozilla.org\/es\/kb\/habilitar-y-deshabilitar-cookies-que-los-<br \/>sitios-we<\/a><br \/><br \/>&#8211; Safari, <a class=\"texto-rojo\" href=\"http:\/\/support.apple.com\/kb\/ph5042\" target=\"_blank\" rel=\"noopener\">http:\/\/support.apple.com\/kb\/ph5042<\/a><br \/><br \/>Den Fall, dass Sie sich entscheiden, l\u00f6schen oder Deaktivieren von Cookies Bitte beachten Sie, dass in den meisten F\u00e4llen m\u00f6glich ist, dass Sie nicht machen k\u00f6nnen, nutzen Sie alle Funktionen der Website und der Zugriff auf bestimmte Bereiche begrenzt oder eingeschr\u00e4nkt. <\/p>\t\t\t\t\t\t\t\t<\/div>\n\t\t\t\t<\/div>\n\t\t\t\t\t<\/div>\n\t\t\t\t<\/div>\n\t\t<div class=\"elementor-element elementor-element-a55189d e-flex e-con-boxed e-con e-parent\" data-id=\"a55189d\" data-element_type=\"container\" data-e-type=\"container\">\n\t\t\t\t\t<div class=\"e-con-inner\">\n\t\t\t\t<div class=\"elementor-element elementor-element-4062296 elementor-widget elementor-widget-spacer\" data-id=\"4062296\" data-element_type=\"widget\" data-e-type=\"widget\" data-widget_type=\"spacer.default\">\n\t\t\t\t<div class=\"elementor-widget-container\">\n\t\t\t\t\t\t\t<div class=\"elementor-spacer\">\n\t\t\t<div class=\"elementor-spacer-inner\"><\/div>\n\t\t<\/div>\n\t\t\t\t\t\t<\/div>\n\t\t\t\t<\/div>\n\t\t\t\t\t<\/div>\n\t\t\t\t<\/div>\n\t\t\t\t<\/div>\n\t\t","protected":false},"excerpt":{"rendered":"<p>Cookie-Richtlinie MOTO RENT MITJORN verwendet Cookies zur Verbesserung der Benutzerfreundlichkeit und einfache Navigation zur Verbesserung der Qualit\u00e4t des Dienstes, und als Inhaber der website dass Sie zu Besuch sind, detailliert in diesem Abschnitt als Cookie-Politik es soll einer klare Informationen in den Cookies, die auf Ihrer Webseite verwendet werden. Was ist ein cookie? Ein Cookie [&hellip;]<\/p>\n","protected":false},"author":1,"featured_media":0,"parent":0,"menu_order":0,"comment_status":"closed","ping_status":"closed","template":"elementor_header_footer","meta":{"_acf_changed":false,"footnotes":""},"class_list":["post-15754","page","type-page","status-publish","hentry"],"acf":[],"yoast_head":"<!-- This site is optimized with the Yoast SEO plugin v27.0 - https:\/\/yoast.com\/product\/yoast-seo-wordpress\/ -->\n<title>Cookies - ALQUILER MOTOS, BICICLETAS Y COCHES FORMENTERA<\/title>\n<meta name=\"robots\" content=\"index, follow, max-snippet:-1, max-image-preview:large, max-video-preview:-1\" \/>\n<link rel=\"canonical\" href=\"https:\/\/mitjornmotorent.com\/de\/cookies\/\" \/>\n<meta property=\"og:locale\" content=\"de_DE\" \/>\n<meta property=\"og:type\" content=\"article\" \/>\n<meta property=\"og:title\" content=\"Cookies - ALQUILER MOTOS, BICICLETAS Y COCHES FORMENTERA\" \/>\n<meta property=\"og:description\" content=\"Cookie-Richtlinie MOTO RENT MITJORN verwendet Cookies zur Verbesserung der Benutzerfreundlichkeit und einfache Navigation zur Verbesserung der Qualit\u00e4t des Dienstes, und als Inhaber der website dass Sie zu Besuch sind, detailliert in diesem Abschnitt als Cookie-Politik es soll einer klare Informationen in den Cookies, die auf Ihrer Webseite verwendet werden. Was ist ein cookie? Ein Cookie [&hellip;]\" \/>\n<meta property=\"og:url\" content=\"https:\/\/mitjornmotorent.com\/de\/cookies\/\" \/>\n<meta property=\"og:site_name\" content=\"ALQUILER MOTOS, BICICLETAS Y COCHES FORMENTERA\" \/>\n<meta property=\"article:modified_time\" content=\"2024-05-29T07:56:47+00:00\" \/>\n<meta name=\"twitter:card\" content=\"summary_large_image\" \/>\n<meta name=\"twitter:label1\" content=\"Gesch\u00e4tzte Lesezeit\" \/>\n\t<meta name=\"twitter:data1\" content=\"3\u00a0Minuten\" \/>\n<script type=\"application\/ld+json\" class=\"yoast-schema-graph\">{\"@context\":\"https:\/\/schema.org\",\"@graph\":[{\"@type\":\"WebPage\",\"@id\":\"https:\/\/mitjornmotorent.com\/de\/cookies\/\",\"url\":\"https:\/\/mitjornmotorent.com\/de\/cookies\/\",\"name\":\"Cookies - ALQUILER MOTOS, BICICLETAS Y COCHES FORMENTERA\",\"isPartOf\":{\"@id\":\"https:\/\/mitjornmotorent.com\/de\/#website\"},\"datePublished\":\"2024-03-07T11:07:32+00:00\",\"dateModified\":\"2024-05-29T07:56:47+00:00\",\"breadcrumb\":{\"@id\":\"https:\/\/mitjornmotorent.com\/de\/cookies\/#breadcrumb\"},\"inLanguage\":\"de\",\"potentialAction\":[{\"@type\":\"ReadAction\",\"target\":[\"https:\/\/mitjornmotorent.com\/de\/cookies\/\"]}]},{\"@type\":\"BreadcrumbList\",\"@id\":\"https:\/\/mitjornmotorent.com\/de\/cookies\/#breadcrumb\",\"itemListElement\":[{\"@type\":\"ListItem\",\"position\":1,\"name\":\"Portada\",\"item\":\"https:\/\/mitjornmotorent.com\/de\/\"},{\"@type\":\"ListItem\",\"position\":2,\"name\":\"Cookies\"}]},{\"@type\":\"WebSite\",\"@id\":\"https:\/\/mitjornmotorent.com\/de\/#website\",\"url\":\"https:\/\/mitjornmotorent.com\/de\/\",\"name\":\"ALQUILER MOTOS, BICICLETAS Y COCHES FORMENTERA\",\"description\":\"N\u00ba1 MITJORN MotoRent\",\"potentialAction\":[{\"@type\":\"SearchAction\",\"target\":{\"@type\":\"EntryPoint\",\"urlTemplate\":\"https:\/\/mitjornmotorent.com\/de\/?s={search_term_string}\"},\"query-input\":{\"@type\":\"PropertyValueSpecification\",\"valueRequired\":true,\"valueName\":\"search_term_string\"}}],\"inLanguage\":\"de\"}]}<\/script>\n<!-- \/ Yoast SEO plugin. -->","yoast_head_json":{"title":"Cookies - ALQUILER MOTOS, BICICLETAS Y COCHES FORMENTERA","robots":{"index":"index","follow":"follow","max-snippet":"max-snippet:-1","max-image-preview":"max-image-preview:large","max-video-preview":"max-video-preview:-1"},"canonical":"https:\/\/mitjornmotorent.com\/de\/cookies\/","og_locale":"de_DE","og_type":"article","og_title":"Cookies - ALQUILER MOTOS, BICICLETAS Y COCHES FORMENTERA","og_description":"Cookie-Richtlinie MOTO RENT MITJORN verwendet Cookies zur Verbesserung der Benutzerfreundlichkeit und einfache Navigation zur Verbesserung der Qualit\u00e4t des Dienstes, und als Inhaber der website dass Sie zu Besuch sind, detailliert in diesem Abschnitt als Cookie-Politik es soll einer klare Informationen in den Cookies, die auf Ihrer Webseite verwendet werden. Was ist ein cookie? Ein Cookie [&hellip;]","og_url":"https:\/\/mitjornmotorent.com\/de\/cookies\/","og_site_name":"ALQUILER MOTOS, BICICLETAS Y COCHES FORMENTERA","article_modified_time":"2024-05-29T07:56:47+00:00","twitter_card":"summary_large_image","twitter_misc":{"Gesch\u00e4tzte Lesezeit":"3\u00a0Minuten"},"schema":{"@context":"https:\/\/schema.org","@graph":[{"@type":"WebPage","@id":"https:\/\/mitjornmotorent.com\/de\/cookies\/","url":"https:\/\/mitjornmotorent.com\/de\/cookies\/","name":"Cookies - ALQUILER MOTOS, BICICLETAS Y COCHES FORMENTERA","isPartOf":{"@id":"https:\/\/mitjornmotorent.com\/de\/#website"},"datePublished":"2024-03-07T11:07:32+00:00","dateModified":"2024-05-29T07:56:47+00:00","breadcrumb":{"@id":"https:\/\/mitjornmotorent.com\/de\/cookies\/#breadcrumb"},"inLanguage":"de","potentialAction":[{"@type":"ReadAction","target":["https:\/\/mitjornmotorent.com\/de\/cookies\/"]}]},{"@type":"BreadcrumbList","@id":"https:\/\/mitjornmotorent.com\/de\/cookies\/#breadcrumb","itemListElement":[{"@type":"ListItem","position":1,"name":"Portada","item":"https:\/\/mitjornmotorent.com\/de\/"},{"@type":"ListItem","position":2,"name":"Cookies"}]},{"@type":"WebSite","@id":"https:\/\/mitjornmotorent.com\/de\/#website","url":"https:\/\/mitjornmotorent.com\/de\/","name":"ALQUILER MOTOS, BICICLETAS Y COCHES FORMENTERA","description":"N\u00ba1 MITJORN MotoRent","potentialAction":[{"@type":"SearchAction","target":{"@type":"EntryPoint","urlTemplate":"https:\/\/mitjornmotorent.com\/de\/?s={search_term_string}"},"query-input":{"@type":"PropertyValueSpecification","valueRequired":true,"valueName":"search_term_string"}}],"inLanguage":"de"}]}},"_links":{"self":[{"href":"https:\/\/mitjornmotorent.com\/de\/wp-json\/wp\/v2\/pages\/15754","targetHints":{"allow":["GET"]}}],"collection":[{"href":"https:\/\/mitjornmotorent.com\/de\/wp-json\/wp\/v2\/pages"}],"about":[{"href":"https:\/\/mitjornmotorent.com\/de\/wp-json\/wp\/v2\/types\/page"}],"author":[{"embeddable":true,"href":"https:\/\/mitjornmotorent.com\/de\/wp-json\/wp\/v2\/users\/1"}],"replies":[{"embeddable":true,"href":"https:\/\/mitjornmotorent.com\/de\/wp-json\/wp\/v2\/comments?post=15754"}],"version-history":[{"count":11,"href":"https:\/\/mitjornmotorent.com\/de\/wp-json\/wp\/v2\/pages\/15754\/revisions"}],"predecessor-version":[{"id":17292,"href":"https:\/\/mitjornmotorent.com\/de\/wp-json\/wp\/v2\/pages\/15754\/revisions\/17292"}],"wp:attachment":[{"href":"https:\/\/mitjornmotorent.com\/de\/wp-json\/wp\/v2\/media?parent=15754"}],"curies":[{"name":"wp","href":"https:\/\/api.w.org\/{rel}","templated":true}]}}